{"id":1175,"date":"2020-01-27T14:14:51","date_gmt":"2020-01-27T13:14:51","guid":{"rendered":"http:\/\/aydyng.eu\/?page_id=1175"},"modified":"2020-01-27T14:28:30","modified_gmt":"2020-01-27T13:28:30","slug":"mentions-legales","status":"publish","type":"page","link":"https:\/\/aydyng.eu\/index.php\/mentions-legales\/","title":{"rendered":"Mentions l\u00e9gales"},"content":{"rendered":"\n<p>Conception et d\u00e9veloppement par AYDYNG SAS, pour l\u2019information personnelle de ses utilisateurs.<br>Votre utilisation du site est soumise au respect des conditions g\u00e9n\u00e9rales d\u2019acc\u00e8s et d\u2019utilisation d\u00e9taill\u00e9es ci-dessous (Conditions G\u00e9n\u00e9rales) et de l\u2019ensemble des lois applicables.Lorsque vous acc\u00e9dez au site et que vous le parcourez et l\u2019utilisez, vous acceptez sans r\u00e9serve les Conditions G\u00e9n\u00e9rales, qui pr\u00e9valent sur tout autre accord que vous pourriez avoir par ailleurs avec AYDYNG ou les membres de son r\u00e9seau commercial.<\/p>\n\n\n\n<h6 class=\"wp-block-heading\"><strong>Conditions G\u00e9n\u00e9rales<\/strong><\/h6>\n\n\n\n<p>Directeur de la publication : Christine ROYNETTE<br>Ce site web est \u00e9dit\u00e9 par : AYDYNG SAS<\/p>\n\n\n\n<p>AYDYNG<br>Soci\u00e9t\u00e9 par Actions Simplifi\u00e9e au capital de 100.000,00\u20ac<br>ADRESSE : 68 avenue de Gascogne, 31170 TOURNEFEUILLE<br>RCS Toulouse 838&nbsp;702 603<br>H\u00e9bergement du site : OVH 2 rue Kellermann, BP 80157, 59053 ROUBAIX CEDEX 1 \u2013 France. Hotline: 0 820 698 765 \u2013 Email: support@ovh.com \u2013 Web : http:\/\/www.ovh.com<br>N\u00b0 enregistrement CNIL : 1675130 v 0<\/p>\n\n\n\n<h6 class=\"wp-block-heading\"><strong>Droits Propri\u00e9t\u00e9 Intellectuelle, Auteur, Dessins et Mod\u00e8les<\/strong><\/h6>\n\n\n\n<p>Le pr\u00e9sent site constitue une \u0153uvre dont AYDYNG est l\u2019auteur au sens des articles L. 111.1 et suivants du Code de la propri\u00e9t\u00e9 intellectuelle. La conception et le d\u00e9veloppement dudit site ont \u00e9t\u00e9 assur\u00e9s par la soci\u00e9t\u00e9 AYDYNG.<\/p>\n\n\n\n<p>Les photographies, textes, slogans, dessins, images, s\u00e9quences anim\u00e9es sonores ou non ainsi que toutes \u0153uvres int\u00e9gr\u00e9es dans le site sont la propri\u00e9t\u00e9 de AYDYNG SAS ou de tiers ayant autoris\u00e9s AYDYNG sas \u00e0 les utiliser.<\/p>\n\n\n\n<p>Les mod\u00e8les 3D repr\u00e9sent\u00e9s sur le site sont prot\u00e9g\u00e9s au titre des droits d\u2019auteur et des articles L.511.1 et suivants du Code de la propri\u00e9t\u00e9 intellectuelle relatifs \u00e0 la protection des mod\u00e8les d\u00e9pos\u00e9s.<\/p>\n\n\n\n<p>Les reproductions, sur un support papier ou informatique, du dit site et des \u0153uvres et mod\u00e8les de v\u00e9hicules qui y sont reproduits sont autoris\u00e9es sous r\u00e9serve qu\u2019elles soient strictement r\u00e9serv\u00e9es \u00e0 un usage personnel excluant tout usage \u00e0 des fins publicitaires et\/ou commerciales et\/ou d\u2019information et\/ou qu\u2019elles soient conformes aux dispositions de l\u2019article L122-5 du Code de la Propri\u00e9t\u00e9 Intellectuelle.<\/p>\n\n\n\n<p>\u00c0 l\u2019exception des dispositions ci-dessus, toute reproduction, repr\u00e9sentation, utilisation ou modification, par quelque proc\u00e9d\u00e9 que ce soit et sur quelque support que ce soit, de tout ou partie du site, de tout ou partie des diff\u00e9rentes \u0153uvres et mod\u00e8les de v\u00e9hicules qui le composent, sans avoir obtenu l\u2019autorisation pr\u00e9alable de AYDYNG SAS, est strictement interdite et constitue un d\u00e9lit de contrefa\u00e7on puni de trois ans d\u2019emprisonnement et de 300.000\u20ac d\u2019amende.<\/p>\n\n\n\n<h6 class=\"wp-block-heading\"><strong>Droits des marques<\/strong><\/h6>\n\n\n\n<p>L\u2019appellation AYDYNG SAS, les logos rattach\u00e9s \u00e0 la marque AYDYNG SAS et \u00e0 ses produits, le nom des solutions de AYDYNG SAS et des produits et services, les slogans et les logos accompagnant ces marques sont, sauf indication particuli\u00e8re, des marques d\u00e9pos\u00e9es par AYDYNG.<\/p>\n\n\n\n<p>La reproduction, l\u2019imitation, l\u2019utilisation ou l\u2019apposition de ces marques sans avoir obtenu l\u2019autorisation pr\u00e9alable de AYDYNG SAS constitue un d\u00e9lit de contrefa\u00e7on puni de quatre ans d\u2019emprisonnement et de 400.000\u20ac d\u2019amende.<\/p>\n\n\n\n<p>Sous r\u00e9serve des dispositions des Conditions G\u00e9n\u00e9rales, l\u2019utilisateur ne doit ni copier, ni modifier, ni reproduire sous quelque forme que ce soit les informations et les \u00e9l\u00e9ments apparaissant sur le Site, ni intervenir sur le Site, ni agir d\u2019une mani\u00e8re contrevenant aux droits de propri\u00e9t\u00e9 intellectuelle de AYDYNG SAS et des tiers ayant autoris\u00e9 AYDYNG SAS \u00e0 les utiliser. L\u2019utilisation d\u2019un droit de propri\u00e9t\u00e9 intellectuelle de AYDYNG SAS ou d\u2019un tiers ayant autoris\u00e9 AYDYNG SAS \u00e0 l\u2019utiliser non express\u00e9ment autoris\u00e9e par les Conditions G\u00e9n\u00e9rales est strictement interdite.<\/p>\n\n\n\n<p>L\u2019appellation AYDYNG SAS, les noms et les logos rattach\u00e9s \u00e0 la marque AYDYNG SAS sont associ\u00e9s, sont des marques d\u00e9pos\u00e9es par AYDYNG SAS.<\/p>\n\n\n\n<p>La reproduction, l\u2019imitation, l\u2019utilisation ou l\u2019apposition de ces marques sans avoir obtenu l\u2019autorisation pr\u00e9alable de AYDYNG SAS ou de leurs titulaires respectifs constitue un d\u00e9lit de contrefa\u00e7on puni de deux ans d\u2019emprisonnement et de 150.000\u20ac d\u2019amende.<\/p>\n\n\n\n<h6 class=\"wp-block-heading\"><strong>Gestion des mots de passe et codes d\u2019acc\u00e8s<\/strong><\/h6>\n\n\n\n<p>Au cours de la proc\u00e9dure d\u2019inscription, vous saisissez un nom de compte et un mot de passe. Vous \u00eates seul responsable de la conservation du caract\u00e8re confidentiel de votre compte et de votre mot de passe et de toutes actions qui pourront \u00eatre faites sous votre compte et\/ou avec votre mot de passe. Vous vous engagez \u00e0 informer imm\u00e9diatement AYDYNG SAS de toute utilisation non autoris\u00e9e de votre compte et\/ou de votre mot de passe, ainsi qu\u2019\u00e0 vous assurer que vous vous d\u00e9connectez \u00e0 l\u2019issue de chaque session. AYDYNG SAS ne pourra \u00eatre tenu responsable de toute perte ou dommage survenant en cas de manquement \u00e0 ces obligations.<\/p>\n\n\n\n<h6 class=\"wp-block-heading\"><strong>Informations sur les produits et services<\/strong><\/h6>\n\n\n\n<p>Ces \u00e9crans constituent une pr\u00e9sentation g\u00e9n\u00e9rale de la gamme des produits et services de AYDYNG SAS distribu\u00e9s dans le monde.<\/p>\n\n\n\n<p>AYDYNG SAS se r\u00e9serve le droit de modifier les informations figurant dans le pr\u00e9sent site Internet, notamment relatives aux caract\u00e9ristiques techniques et aux \u00e9quipements des mod\u00e8les pr\u00e9sent\u00e9s, \u00e0 tout moment, sans pr\u00e9avis, compte tenu de l\u2019interactivit\u00e9 du site, sans que cela puisse engager la responsabilit\u00e9 de AYDYNG SAS, des membres de son r\u00e9seau, ou de ses employ\u00e9s.<br>Le r\u00e9seau AYDYNG SAS est \u00e9galement \u00e0 votre disposition pour toute information, notamment relative aux tarifs, \u00e0 la disponibilit\u00e9 des mod\u00e8les pr\u00e9sent\u00e9s ainsi qu\u2019\u00e0 leurs derni\u00e8res \u00e9volutions.<\/p>\n\n\n\n<h6 class=\"wp-block-heading\"><strong>R\u00e9seau Commercial<\/strong><\/h6>\n\n\n\n<p>Le r\u00e9seau commercial AYDYNG SAS en France est \u00e0 votre disposition pour vous communiquer les informations compl\u00e9mentaires dont vous pourriez souhaiter avoir connaissance concernant chacun des produits et services pr\u00e9sent\u00e9s sur le site.<\/p>\n\n\n\n<h6 class=\"wp-block-heading\"><strong>Utilisation de cookies<\/strong><\/h6>\n\n\n\n<p>Lorsque vous naviguez notre site, un cookie est stock\u00e9 sur votre ordinateur. Ce cookie a pour but d\u2019enregistrer des informations de session telles que la langue d\u2019utilisation ou les informations de connexion (n\u00e9cessite d\u2019enregistrer un compte utilisateur), afin de faciliter votre navigation. Il est automatiquement d\u00e9truit lorsque vous fermez votre navigateur. Seule exception, si vous cochez la case \u00ab se souvenir de moi \u00bb lors de votre connexion \u00e0 votre compte utilisateur, le cookie ne sera pas supprim\u00e9 \u00e0 la fermeture du navigateur et vous permettra d\u2019\u00eatre automatiquement connect\u00e9 \u00e0 votre compte lorsque vous reviendrez sur notre site.<\/p>\n\n\n\n<p>Vous pouvez vous opposer \u00e0 l\u2019enregistrement de cookies en configurant les param\u00e8tres de votre navigateur.<\/p>\n\n\n\n<h6 class=\"wp-block-heading\"><strong>Droit applicable<\/strong><\/h6>\n\n\n\n<p>Les pr\u00e9sentes Conditions G\u00e9n\u00e9rales sont soumises au droit interne fran\u00e7ais. La langue des Conditions G\u00e9n\u00e9rales est la langue fran\u00e7aise. En cas de litige, les tribunaux fran\u00e7ais seront seuls comp\u00e9tents.<\/p>\n\n\n\n<h6 class=\"wp-block-heading\"><strong>Mise \u00e0 jour des Conditions G\u00e9n\u00e9rales<\/strong><\/h6>\n\n\n\n<p>AYDYNG SAS se r\u00e9serve le droit de modifier et mettre \u00e0 jour \u00e0 tout moment l\u2019acc\u00e8s au site ainsi que les Conditions G\u00e9n\u00e9rales. Ces modifications et mises \u00e0 jour s\u2019imposent \u00e0 l\u2019utilisateur qui doit en cons\u00e9quence se r\u00e9f\u00e9rer r\u00e9guli\u00e8rement \u00e0 cette rubrique pour v\u00e9rifier les Conditions G\u00e9n\u00e9rales en vigueur AYDYNG SAS.<\/p>\n","protected":false},"excerpt":{"rendered":"<p>Conception et d\u00e9veloppement par AYDYNG SAS, pour l\u2019information personnelle de ses utilisateurs.Votre utilisation du site est soumise au respect des conditions g\u00e9n\u00e9rales d\u2019acc\u00e8s et d\u2019utilisation d\u00e9taill\u00e9es ci-dessous (Conditions G\u00e9n\u00e9rales) et de l\u2019ensemble des lois applicables.Lorsque vous acc\u00e9dez au site et que vous le parcourez et l\u2019utilisez, vous acceptez sans r\u00e9serve les Conditions G\u00e9n\u00e9rales, qui pr\u00e9valent &hellip;<\/p>\n","protected":false},"author":1,"featured_media":0,"parent":0,"menu_order":0,"comment_status":"closed","ping_status":"closed","template":"","meta":{"footnotes":""},"class_list":["post-1175","page","type-page","status-publish","hentry"],"_links":{"self":[{"href":"https:\/\/aydyng.eu\/index.php\/wp-json\/wp\/v2\/pages\/1175","targetHints":{"allow":["GET"]}}],"collection":[{"href":"https:\/\/aydyng.eu\/index.php\/wp-json\/wp\/v2\/pages"}],"about":[{"href":"https:\/\/aydyng.eu\/index.php\/wp-json\/wp\/v2\/types\/page"}],"author":[{"embeddable":true,"href":"https:\/\/aydyng.eu\/index.php\/wp-json\/wp\/v2\/users\/1"}],"replies":[{"embeddable":true,"href":"https:\/\/aydyng.eu\/index.php\/wp-json\/wp\/v2\/comments?post=1175"}],"version-history":[{"count":4,"href":"https:\/\/aydyng.eu\/index.php\/wp-json\/wp\/v2\/pages\/1175\/revisions"}],"predecessor-version":[{"id":1183,"href":"https:\/\/aydyng.eu\/index.php\/wp-json\/wp\/v2\/pages\/1175\/revisions\/1183"}],"wp:attachment":[{"href":"https:\/\/aydyng.eu\/index.php\/wp-json\/wp\/v2\/media?parent=1175"}],"curies":[{"name":"wp","href":"https:\/\/api.w.org\/{rel}","templated":true}]}}