{"id":129,"date":"2019-04-11T18:23:03","date_gmt":"2019-04-11T16:23:03","guid":{"rendered":"http:\/\/aydyng.eu\/?page_id=129"},"modified":"2020-01-27T20:58:33","modified_gmt":"2020-01-27T19:58:33","slug":"centrales-inertielles","status":"publish","type":"page","link":"https:\/\/aydyng.eu\/index.php\/centrales-inertielles\/","title":{"rendered":"Centrales inertielles"},"content":{"rendered":"<p><span style=\"color: #ff0000;\"><strong>AYDYNG<\/strong><\/span> vous propose une gamme de centrales inertielles de haute pr\u00e9cision \u00e0 co\u00fbt comp\u00e9titif destin\u00e9es \u00e0 tous types d&rsquo;applications, v\u00e9hicules autonomes, robotique, marine, a\u00e9ronautique, agriculture de pr\u00e9cision, transport ferroviaire, etc &#8230;<\/p>\n<p><strong>Inertial Labs<\/strong> con\u00e7oit et fabrique des syst\u00e8mes de positionnement, de navigation et d&rsquo;orientation combinant les technologies de capteurs inertiels et d&rsquo;autres capteurs. Son expertise comprend le d\u00e9veloppement de gyroscopes, la mise en oeuvre de filtres de Kalman et la technologie de fusion de donn\u00e9es.<\/p>\n\n\n<div class=\"wp-block-columns has-2-columns is-layout-flex wp-container-core-columns-is-layout-9d6595d7 wp-block-columns-is-layout-flex\">\n<div class=\"wp-block-column is-layout-flow wp-block-column-is-layout-flow\">\n<figure class=\"wp-block-embed-youtube wp-block-embed is-type-video is-provider-youtube wp-embed-aspect-16-9 wp-has-aspect-ratio\"><div class=\"wp-block-embed__wrapper\">\n<div class=\"suki-oembed suki-oembed-video\" style=\"padding-top: 56.228%;\"><iframe loading=\"lazy\" title=\"Inertial Labs Products\" width=\"1140\" height=\"641\" src=\"https:\/\/www.youtube.com\/embed\/nTC4-0bpALw?feature=oembed\" frameborder=\"0\" allow=\"accelerometer; autoplay; encrypted-media; gyroscope; picture-in-picture\" allowfullscreen><\/iframe><\/div>\n<\/div><\/figure>\n<\/div>\n\n\n\n<div class=\"wp-block-column is-layout-flow wp-block-column-is-layout-flow\">\n<div class=\"wp-block-image\"><figure class=\"aligncenter is-resized\"><img loading=\"lazy\" decoding=\"async\" src=\"http:\/\/aydyng.eu\/wp-content\/uploads\/2019\/04\/Inertial-Labs_300-1024x580.jpg\" alt=\"Inertial Labs\" class=\"wp-image-112\" width=\"259\" height=\"146\"\/><\/figure><\/div>\n<\/div>\n<\/div>\n","protected":false},"excerpt":{"rendered":"<p>AYDYNG vous propose une gamme de centrales inertielles de haute pr\u00e9cision \u00e0 co\u00fbt comp\u00e9titif destin\u00e9es \u00e0 tous types d&rsquo;applications, v\u00e9hicules autonomes, robotique, marine, a\u00e9ronautique, agriculture de pr\u00e9cision, transport ferroviaire, etc &#8230; Inertial Labs con\u00e7oit et fabrique des syst\u00e8mes de positionnement, de navigation et d&rsquo;orientation combinant les technologies de capteurs inertiels et d&rsquo;autres capteurs. Son expertise &hellip;<\/p>\n","protected":false},"author":1,"featured_media":0,"parent":0,"menu_order":3,"comment_status":"closed","ping_status":"closed","template":"","meta":{"footnotes":""},"class_list":["post-129","page","type-page","status-publish","hentry"],"_links":{"self":[{"href":"https:\/\/aydyng.eu\/index.php\/wp-json\/wp\/v2\/pages\/129","targetHints":{"allow":["GET"]}}],"collection":[{"href":"https:\/\/aydyng.eu\/index.php\/wp-json\/wp\/v2\/pages"}],"about":[{"href":"https:\/\/aydyng.eu\/index.php\/wp-json\/wp\/v2\/types\/page"}],"author":[{"embeddable":true,"href":"https:\/\/aydyng.eu\/index.php\/wp-json\/wp\/v2\/users\/1"}],"replies":[{"embeddable":true,"href":"https:\/\/aydyng.eu\/index.php\/wp-json\/wp\/v2\/comments?post=129"}],"version-history":[{"count":53,"href":"https:\/\/aydyng.eu\/index.php\/wp-json\/wp\/v2\/pages\/129\/revisions"}],"predecessor-version":[{"id":1199,"href":"https:\/\/aydyng.eu\/index.php\/wp-json\/wp\/v2\/pages\/129\/revisions\/1199"}],"wp:attachment":[{"href":"https:\/\/aydyng.eu\/index.php\/wp-json\/wp\/v2\/media?parent=129"}],"curies":[{"name":"wp","href":"https:\/\/api.w.org\/{rel}","templated":true}]}}