{"id":179,"date":"2019-04-18T14:08:50","date_gmt":"2019-04-18T12:08:50","guid":{"rendered":"http:\/\/aydyng.eu\/?page_id=179"},"modified":"2020-02-10T12:06:35","modified_gmt":"2020-02-10T11:06:35","slug":"imu","status":"publish","type":"page","link":"https:\/\/aydyng.eu\/index.php\/centrales-inertielles\/imu\/","title":{"rendered":"Inertial Measurement Unit (IMU)"},"content":{"rendered":"\n<figure class=\"wp-block-gallery columns-2 wp-block-gallery-1 is-layout-flex wp-block-gallery-is-layout-flex\"><ul class=\"blocks-gallery-grid\"><li class=\"blocks-gallery-item\"><figure><img loading=\"lazy\" decoding=\"async\" width=\"350\" height=\"350\" src=\"http:\/\/aydyng.eu\/wp-content\/uploads\/2019\/05\/IMU-P-2-1.jpg\" alt=\"\" data-id=\"337\" data-link=\"http:\/\/aydyng.eu\/index.php\/produits-2\/imu\/imu-p-2-2\/\" class=\"wp-image-337\" srcset=\"https:\/\/aydyng.eu\/wp-content\/uploads\/2019\/05\/IMU-P-2-1.jpg 350w, https:\/\/aydyng.eu\/wp-content\/uploads\/2019\/05\/IMU-P-2-1-150x150.jpg 150w, https:\/\/aydyng.eu\/wp-content\/uploads\/2019\/05\/IMU-P-2-1-300x300.jpg 300w\" sizes=\"auto, (max-width: 350px) 100vw, 350px\" \/><figcaption class=\"blocks-gallery-item__caption\">IMU-P<\/figcaption><\/figure><\/li><li class=\"blocks-gallery-item\"><figure><img loading=\"lazy\" decoding=\"async\" width=\"350\" height=\"350\" src=\"http:\/\/aydyng.eu\/wp-content\/uploads\/2019\/05\/IMU-P-1.jpg\" alt=\"\" data-id=\"338\" data-link=\"http:\/\/aydyng.eu\/index.php\/produits-2\/imu\/imu-p-3\/\" class=\"wp-image-338\" srcset=\"https:\/\/aydyng.eu\/wp-content\/uploads\/2019\/05\/IMU-P-1.jpg 350w, https:\/\/aydyng.eu\/wp-content\/uploads\/2019\/05\/IMU-P-1-150x150.jpg 150w, https:\/\/aydyng.eu\/wp-content\/uploads\/2019\/05\/IMU-P-1-300x300.jpg 300w\" sizes=\"auto, (max-width: 350px) 100vw, 350px\" \/><figcaption class=\"blocks-gallery-item__caption\">IMU-P<\/figcaption><\/figure><\/li><\/ul><\/figure>\n\n\n\n<div class=\"wp-block-button\"><a class=\"wp-block-button__link has-background has-vivid-cyan-blue-background-color\" href=\"http:\/\/aydyng.eu\/wp-content\/uploads\/2019\/07\/IMU-P_Datasheet.rev2_.6.May17.2019.pdf\" style=\"border-radius:11px\" target=\"_blank\" rel=\"noreferrer noopener\">Fiche technique<\/a><\/div>\n\n\n<p>L&rsquo;IMU-P est la nouvelle g\u00e9n\u00e9ration d&rsquo;IMU (Inertial Measurement Unit) compacte (39 x 45 x 22 mm), l\u00e9g\u00e8re (70 g) et de grande performance.<\/p>\n<p>Elle contient 3 gyroscopes MEMS de haute pr\u00e9cision et 3 acc\u00e9l\u00e9rom\u00e8tres ultra performants.<\/p>\n<p>L\u2019IMU-P est enti\u00e8rement \u00e9talonn\u00e9 en usine et compens\u00e9 dans sa plage de temp\u00e9rature de fonctionnement.<\/p>\n<p>L\u2019IMU-P est une solution \u00e9conomique ITAR Free pour les syst\u00e8mes comme alternative aux gyroscopes \u00e0 fibre optique (FOG) pour atteindre le niveau de performance que l\u2019IMU-P peut offrir.<\/p>\n\n\n<div class=\"wp-block-button\"><a class=\"wp-block-button__link has-background has-vivid-cyan-blue-background-color\" href=\"http:\/\/aydyng.eu\/index.php\/devis\/\" style=\"border-radius:11px\" target=\"_blank\" rel=\"noreferrer noopener\">Demander un devis<\/a><\/div>\n\n\n<h2 style=\"text-align: center;\"><strong>Caract\u00e9ristiques<\/strong><\/h2>\n\n\n<figure class=\"wp-block-table is-style-stripes\"><table class=\"\"><tbody><tr><td>ITAR-Free<\/td><\/tr><tr><td>Same mechanical &amp; electrical interfaces as STIM-300<br><\/td><\/tr><tr><td> Affordable price <\/td><\/tr><tr><td> 1 deg\/hr gyroscopes Bias in-run stability <\/td><\/tr><tr><td> 0.005 mg accelerometers Bias in-run stability <\/td><\/tr><tr><td> 0.08 deg\/\u221ahr Angular Random Walk (ARW) <\/td><\/tr><tr><td> 0.015 m\/sec\/\u221ahr Velocity Random Walk (VRW) <\/td><\/tr><tr><td> Advanced, extendable, embedded Kalman Filter <\/td><\/tr><tr><td> Full temperature calibration of all sensing elements <\/td><\/tr><tr><td> up to 2000 Hz data rate <\/td><\/tr><tr><td> Environmentally sealed (IP67) <\/td><\/tr><\/tbody><\/table><\/figure>\n\n\n<h2 style=\"text-align: center;\"><strong>Applications<\/strong><\/h2>\n<p>Syst\u00e8mes de stabilisation d\u2019antenne et de ligne de vis\u00e9e, syst\u00e8mes d\u2019acc\u00e9l\u00e9ration et de d\u00e9c\u00e9l\u00e9ration des trains de voyageurs, unit\u00e9s de r\u00e9f\u00e9rence de mouvement (MRU), d\u00e9tecteurs de mouvement (MCS), Gimbals, EOC\/IR, orientation et stabilisation des plates-formes, Syst\u00e8mes de navigation par inertie (INS) avec GPS, syst\u00e8mes de r\u00e9f\u00e9rence d\u2019assiette et de cap (AHRS), analyse de mouvement et de navigation des v\u00e9hicules terrestres, surveillance du mouvement des bou\u00e9es ou des bateaux de course, navigation et contr\u00f4le UAV et AUV\/ROV.<\/p>\n<h2 style=\"text-align: center;\"><strong>Performances<\/strong><\/h2>\n\n\n<figure class=\"wp-block-image\"><img loading=\"lazy\" decoding=\"async\" width=\"1024\" height=\"519\" src=\"http:\/\/aydyng.eu\/wp-content\/uploads\/2019\/05\/imup-0001-1024x519.png\" alt=\"\" class=\"wp-image-350\" srcset=\"https:\/\/aydyng.eu\/wp-content\/uploads\/2019\/05\/imup-0001-1024x519.png 1024w, https:\/\/aydyng.eu\/wp-content\/uploads\/2019\/05\/imup-0001-300x152.png 300w, https:\/\/aydyng.eu\/wp-content\/uploads\/2019\/05\/imup-0001-768x390.png 768w, https:\/\/aydyng.eu\/wp-content\/uploads\/2019\/05\/imup-0001.png 1325w\" sizes=\"auto, (max-width: 1024px) 100vw, 1024px\" \/><\/figure>\n\n\n\n<figure class=\"wp-block-image\"><img loading=\"lazy\" decoding=\"async\" width=\"1024\" height=\"500\" src=\"http:\/\/aydyng.eu\/wp-content\/uploads\/2019\/05\/imup-0002-1024x500.png\" alt=\"\" class=\"wp-image-351\" srcset=\"https:\/\/aydyng.eu\/wp-content\/uploads\/2019\/05\/imup-0002-1024x500.png 1024w, https:\/\/aydyng.eu\/wp-content\/uploads\/2019\/05\/imup-0002-300x146.png 300w, https:\/\/aydyng.eu\/wp-content\/uploads\/2019\/05\/imup-0002-768x375.png 768w, https:\/\/aydyng.eu\/wp-content\/uploads\/2019\/05\/imup-0002.png 1608w\" sizes=\"auto, (max-width: 1024px) 100vw, 1024px\" \/><\/figure>\n","protected":false},"excerpt":{"rendered":"<p>L&rsquo;IMU-P est la nouvelle g\u00e9n\u00e9ration d&rsquo;IMU (Inertial Measurement Unit) compacte (39 x 45 x 22 mm), l\u00e9g\u00e8re (70 g) et de grande performance. Elle contient 3 gyroscopes MEMS de haute pr\u00e9cision et 3 acc\u00e9l\u00e9rom\u00e8tres ultra performants. L\u2019IMU-P est enti\u00e8rement \u00e9talonn\u00e9 en usine et compens\u00e9 dans sa plage de temp\u00e9rature de fonctionnement. L\u2019IMU-P est une solution &hellip;<\/p>\n","protected":false},"author":1,"featured_media":0,"parent":129,"menu_order":0,"comment_status":"closed","ping_status":"closed","template":"","meta":{"footnotes":""},"class_list":["post-179","page","type-page","status-publish","hentry"],"_links":{"self":[{"href":"https:\/\/aydyng.eu\/index.php\/wp-json\/wp\/v2\/pages\/179","targetHints":{"allow":["GET"]}}],"collection":[{"href":"https:\/\/aydyng.eu\/index.php\/wp-json\/wp\/v2\/pages"}],"about":[{"href":"https:\/\/aydyng.eu\/index.php\/wp-json\/wp\/v2\/types\/page"}],"author":[{"embeddable":true,"href":"https:\/\/aydyng.eu\/index.php\/wp-json\/wp\/v2\/users\/1"}],"replies":[{"embeddable":true,"href":"https:\/\/aydyng.eu\/index.php\/wp-json\/wp\/v2\/comments?post=179"}],"version-history":[{"count":27,"href":"https:\/\/aydyng.eu\/index.php\/wp-json\/wp\/v2\/pages\/179\/revisions"}],"predecessor-version":[{"id":1327,"href":"https:\/\/aydyng.eu\/index.php\/wp-json\/wp\/v2\/pages\/179\/revisions\/1327"}],"up":[{"embeddable":true,"href":"https:\/\/aydyng.eu\/index.php\/wp-json\/wp\/v2\/pages\/129"}],"wp:attachment":[{"href":"https:\/\/aydyng.eu\/index.php\/wp-json\/wp\/v2\/media?parent=179"}],"curies":[{"name":"wp","href":"https:\/\/api.w.org\/{rel}","templated":true}]}}