{"id":1913,"date":"2021-03-09T12:04:51","date_gmt":"2021-03-09T11:04:51","guid":{"rendered":"https:\/\/aydyng.eu\/?page_id=1913"},"modified":"2021-03-14T15:39:15","modified_gmt":"2021-03-14T14:39:15","slug":"cas-dusage-pour-resepi","status":"publish","type":"page","link":"https:\/\/aydyng.eu\/index.php\/lidar\/cas-dusage-pour-resepi\/","title":{"rendered":"Cas d&rsquo;usage pour RESEPI"},"content":{"rendered":"\n<div class=\"wp-block-columns is-layout-flex wp-container-core-columns-is-layout-9d6595d7 wp-block-columns-is-layout-flex\">\n<div class=\"wp-block-column is-layout-flow wp-block-column-is-layout-flow\">\n<div class=\"wp-block-image\"><figure class=\"alignright size-large is-resized\"><img loading=\"lazy\" decoding=\"async\" src=\"https:\/\/aydyng.eu\/wp-content\/uploads\/2021\/03\/LiDAR_at_Inertial_Labs-e1578941150105.png\" alt=\"\" class=\"wp-image-1914\" width=\"300\" height=\"236\"\/><\/figure><\/div>\n<\/div>\n\n\n\n<div class=\"wp-block-column is-layout-flow wp-block-column-is-layout-flow\">\n<h2><strong>T\u00e9l\u00e9d\u00e9tection LIDAR<\/strong><\/h2>\n\n\n\n<p>Parfois appel\u00e9 scanner laser 3D, le LiDAR est une m\u00e9thode d&rsquo;arpentage qui mesure la distance \u00e0 une cible en illuminant la cible avec une lumi\u00e8re laser puls\u00e9e et en mesurant les impulsions r\u00e9fl\u00e9chies avec un capteur. Il a des applications terrestres, a\u00e9riennes et mobiles. Certains mod\u00e8les de LiDAR 3D sont capables de g\u00e9n\u00e9rer jusqu&rsquo;\u00e0 700 000 points de donn\u00e9es par seconde. Il existe de nombreux fabricants exceptionnels sur le march\u00e9, par exemple Quanergy\u00ae et Velodyne\u00ae.<\/p>\n<\/div>\n\n\n\n<div class=\"wp-block-column is-layout-flow wp-block-column-is-layout-flow\"><\/div>\n<\/div>\n\n\n\n<div class=\"wp-block-columns is-layout-flex wp-container-core-columns-is-layout-9d6595d7 wp-block-columns-is-layout-flex\">\n<div class=\"wp-block-column is-layout-flow wp-block-column-is-layout-flow\">\n<div class=\"wp-block-image\"><figure class=\"alignright size-large is-resized\"><img loading=\"lazy\" decoding=\"async\" src=\"https:\/\/aydyng.eu\/wp-content\/uploads\/2021\/03\/Highway_Hubspot-300x169-1.jpg\" alt=\"\" class=\"wp-image-1915\" width=\"300\" height=\"169\"\/><\/figure><\/div>\n<\/div>\n\n\n\n<div class=\"wp-block-column is-layout-flow wp-block-column-is-layout-flow\">\n<h2><strong>Num\u00e9risation et cartographie<\/strong><\/h2>\n\n\n\n<p>La cartographie de zone est peut-\u00eatre encore le plus grand domaine de la t\u00e9l\u00e9d\u00e9tection. Donner un sens au monde physique en analysant des cartes et des mod\u00e8les 3D permet aux entreprises de prendre des d\u00e9cisions plus rapides et mieux inform\u00e9es qui augmentent l&rsquo;efficacit\u00e9, le profit et, plus important encore, la s\u00e9curit\u00e9. Parmi les bases les plus utilis\u00e9es, on trouve le v\u00e9hicule terrestre ou a\u00e9rien sans pilote (UAV).<\/p>\n<\/div>\n\n\n\n<div class=\"wp-block-column is-layout-flow wp-block-column-is-layout-flow\"><\/div>\n<\/div>\n\n\n\n<div class=\"wp-block-columns is-layout-flex wp-container-core-columns-is-layout-9d6595d7 wp-block-columns-is-layout-flex\">\n<div class=\"wp-block-column is-layout-flow wp-block-column-is-layout-flow\">\n<div class=\"wp-block-image\"><figure class=\"alignright size-large is-resized\"><img loading=\"lazy\" decoding=\"async\" src=\"https:\/\/aydyng.eu\/wp-content\/uploads\/2021\/03\/Automated_Farming_Hubspot-scaled-1-1024x576.jpg\" alt=\"\" class=\"wp-image-1916\" width=\"300\" height=\"288\"\/><\/figure><\/div>\n<\/div>\n\n\n\n<div class=\"wp-block-column is-layout-flow wp-block-column-is-layout-flow\">\n<h2><strong>Agriculture de pr\u00e9cision avec LIDAR<\/strong><\/h2>\n\n\n\n<p>La technologie LiDAR permet de d\u00e9velopper des mod\u00e8les 3D des terres agricoles, qui peuvent \u00eatre utilis\u00e9s pour aider \u00e0 la planification des cultures et peuvent produire des cartes pr\u00e9cises des ressources naturelles. En outre, elle peut \u00eatre utilis\u00e9e pour la pr\u00e9vision du rendement des cultures, la gestion des champs, la segmentation des terres et la d\u00e9termination du type de sol.<\/p>\n<\/div>\n\n\n\n<div class=\"wp-block-column is-layout-flow wp-block-column-is-layout-flow\"><\/div>\n<\/div>\n\n\n\n<div class=\"wp-block-columns is-layout-flex wp-container-core-columns-is-layout-9d6595d7 wp-block-columns-is-layout-flex\">\n<div class=\"wp-block-column is-layout-flow wp-block-column-is-layout-flow\">\n<div class=\"wp-block-image\"><figure class=\"alignright size-large\"><img loading=\"lazy\" decoding=\"async\" width=\"300\" height=\"225\" src=\"https:\/\/aydyng.eu\/wp-content\/uploads\/2021\/03\/Autonomous-Vehicle-300x225-1.jpg\" alt=\"\" class=\"wp-image-1917\"\/><\/figure><\/div>\n<\/div>\n\n\n\n<div class=\"wp-block-column is-layout-flow wp-block-column-is-layout-flow\">\n<h2><strong>D\u00e9veloppement de l&rsquo;algorithme de localisation et cartographie simultan\u00e9 (SLAM : Simultaneous Localization and Mapping)<\/strong><\/h2>\n\n\n\n<p>Le RESEPI a la capacit\u00e9 de g\u00e9n\u00e9rer un nuage de points en temps r\u00e9el. Cette fonction, ainsi que l&rsquo;aide \u00e0 l&rsquo;imagerie provenant d&rsquo;autres sources optiques telles que les cam\u00e9ras RGB et thermiques, peuvent poser les bases du d\u00e9veloppement de l&rsquo;algorithme SLAM.<\/p>\n<\/div>\n\n\n\n<div class=\"wp-block-column is-layout-flow wp-block-column-is-layout-flow\"><\/div>\n<\/div>\n\n\n\n<div class=\"wp-block-columns is-layout-flex wp-container-core-columns-is-layout-9d6595d7 wp-block-columns-is-layout-flex\">\n<div class=\"wp-block-column is-layout-flow wp-block-column-is-layout-flow\">\n<div class=\"wp-block-image\"><figure class=\"alignright size-large is-resized\"><img loading=\"lazy\" decoding=\"async\" src=\"https:\/\/aydyng.eu\/wp-content\/uploads\/2021\/03\/Power-Station-e1603389612645-1024x514.jpg\" alt=\"\" class=\"wp-image-1918\" width=\"300\" height=\"257\"\/><\/figure><\/div>\n<\/div>\n\n\n\n<div class=\"wp-block-column is-layout-flow wp-block-column-is-layout-flow\">\n<h2><strong>Inspection pour les services publics<\/strong><\/h2>\n\n\n\n<p>Les drones \u00e9quip\u00e9s de la technologie LiDAR et de la photogramm\u00e9trie constituent une option beaucoup moins co\u00fbteuse et plus s\u00fbre que les autres m\u00e9thodes de balayage a\u00e9rien ou d&rsquo;inspection manuelle. Gr\u00e2ce \u00e0 des algorithmes LiDAR et photogramm\u00e9triques innovants, les utilisateurs peuvent reconstituer les services publics et identifier les risques et dommages potentiels.<\/p>\n<\/div>\n\n\n\n<div class=\"wp-block-column is-layout-flow wp-block-column-is-layout-flow\"><\/div>\n<\/div>\n\n\n\n<div class=\"wp-block-columns is-layout-flex wp-container-core-columns-is-layout-9d6595d7 wp-block-columns-is-layout-flex\">\n<div class=\"wp-block-column is-layout-flow wp-block-column-is-layout-flow\">\n<div class=\"wp-block-image\"><figure class=\"alignright size-large is-resized\"><img loading=\"lazy\" decoding=\"async\" src=\"https:\/\/aydyng.eu\/wp-content\/uploads\/2021\/03\/lifters_small_sm.jpeg\" alt=\"\" class=\"wp-image-1919\" width=\"300\" height=\"250\"\/><\/figure><\/div>\n<\/div>\n\n\n\n<div class=\"wp-block-column is-layout-flow wp-block-column-is-layout-flow\">\n<h2><strong>Surveillance des chantiers de construction<\/strong><\/h2>\n\n\n\n<p>Des drones \u00e9quip\u00e9s de cam\u00e9ras RGB et de la technologie LiDAR permettent aux entreprises de construction de suivre r\u00e9guli\u00e8rement l&rsquo;avancement des projets. En outre, les sch\u00e9mas de couleurs des nuages de points LiDAR fournissent un outil utile pour la visualisation de l&rsquo;\u00e9l\u00e9vation, ce qui facilite grandement l&rsquo;analyse 3D du sol et des structures.<\/p>\n<\/div>\n\n\n\n<div class=\"wp-block-column is-layout-flow wp-block-column-is-layout-flow\"><\/div>\n<\/div>\n","protected":false},"excerpt":{"rendered":"<p>T\u00e9l\u00e9d\u00e9tection LIDAR Parfois appel\u00e9 scanner laser 3D, le LiDAR est une m\u00e9thode d&rsquo;arpentage qui mesure la distance \u00e0 une cible en illuminant la cible avec une lumi\u00e8re laser puls\u00e9e et en mesurant les impulsions r\u00e9fl\u00e9chies avec un capteur. Il a des applications terrestres, a\u00e9riennes et mobiles. Certains mod\u00e8les de LiDAR 3D sont capables de g\u00e9n\u00e9rer &hellip;<\/p>\n","protected":false},"author":1,"featured_media":0,"parent":1850,"menu_order":0,"comment_status":"closed","ping_status":"closed","template":"","meta":{"footnotes":""},"class_list":["post-1913","page","type-page","status-publish","hentry"],"_links":{"self":[{"href":"https:\/\/aydyng.eu\/index.php\/wp-json\/wp\/v2\/pages\/1913","targetHints":{"allow":["GET"]}}],"collection":[{"href":"https:\/\/aydyng.eu\/index.php\/wp-json\/wp\/v2\/pages"}],"about":[{"href":"https:\/\/aydyng.eu\/index.php\/wp-json\/wp\/v2\/types\/page"}],"author":[{"embeddable":true,"href":"https:\/\/aydyng.eu\/index.php\/wp-json\/wp\/v2\/users\/1"}],"replies":[{"embeddable":true,"href":"https:\/\/aydyng.eu\/index.php\/wp-json\/wp\/v2\/comments?post=1913"}],"version-history":[{"count":9,"href":"https:\/\/aydyng.eu\/index.php\/wp-json\/wp\/v2\/pages\/1913\/revisions"}],"predecessor-version":[{"id":1960,"href":"https:\/\/aydyng.eu\/index.php\/wp-json\/wp\/v2\/pages\/1913\/revisions\/1960"}],"up":[{"embeddable":true,"href":"https:\/\/aydyng.eu\/index.php\/wp-json\/wp\/v2\/pages\/1850"}],"wp:attachment":[{"href":"https:\/\/aydyng.eu\/index.php\/wp-json\/wp\/v2\/media?parent=1913"}],"curies":[{"name":"wp","href":"https:\/\/api.w.org\/{rel}","templated":true}]}}