{"id":2012,"date":"2021-03-13T15:14:32","date_gmt":"2021-03-13T14:14:32","guid":{"rendered":"https:\/\/aydyng.eu\/?page_id=2012"},"modified":"2021-03-14T15:48:10","modified_gmt":"2021-03-14T14:48:10","slug":"opportunites-de-partenariat-resepi","status":"publish","type":"page","link":"https:\/\/aydyng.eu\/index.php\/lidar\/opportunites-de-partenariat-resepi\/","title":{"rendered":"Opportunit\u00e9s de partenariat RESEPI"},"content":{"rendered":"\n<div class=\"wp-block-columns is-layout-flex wp-container-core-columns-is-layout-9d6595d7 wp-block-columns-is-layout-flex\">\n<div class=\"wp-block-column is-layout-flow wp-block-column-is-layout-flow\" style=\"flex-basis:10%\"><\/div>\n\n\n\n<div class=\"wp-block-column is-layout-flow wp-block-column-is-layout-flow\" style=\"flex-basis:30%\">\n<div class=\"wp-block-image\"><figure class=\"alignleft size-large\"><img loading=\"lazy\" decoding=\"async\" width=\"1024\" height=\"489\" src=\"https:\/\/aydyng.eu\/wp-content\/uploads\/2021\/03\/Res-and-Development-1024x489.png\" alt=\"\" class=\"wp-image-2013\" srcset=\"https:\/\/aydyng.eu\/wp-content\/uploads\/2021\/03\/Res-and-Development-1024x489.png 1024w, https:\/\/aydyng.eu\/wp-content\/uploads\/2021\/03\/Res-and-Development-300x143.png 300w, https:\/\/aydyng.eu\/wp-content\/uploads\/2021\/03\/Res-and-Development-768x367.png 768w, https:\/\/aydyng.eu\/wp-content\/uploads\/2021\/03\/Res-and-Development.png 1402w\" sizes=\"auto, (max-width: 1024px) 100vw, 1024px\" \/><\/figure><\/div>\n<\/div>\n\n\n\n<div class=\"wp-block-column is-layout-flow wp-block-column-is-layout-flow\" style=\"flex-basis:49.99%\">\n<h3 style=\"text-align: right;\"><span style=\"color: #1a2a7a;\"><strong>FABRICATION CONTRACTUELLE<\/strong><\/span><\/h3>\n\n\n\n<h2 style=\"text-align: right;\"><strong>D\u00e9veloppement logiciel<\/strong><\/h2>\n\n\n\n<p>Le march\u00e9 de la t\u00e9l\u00e9d\u00e9tection continue de progresser, tout comme les solutions mat\u00e9rielles et logicielles n\u00e9cessaires pour permettre aux partenaires de fournir aux utilisateurs finaux des produits de qualit\u00e9. Le processus simplifi\u00e9 fourni par RESEPI permet un traitement en un seul clic ainsi qu&rsquo;une sortie de donn\u00e9es en temps r\u00e9el de la charge utile pour aider \u00e0 l&rsquo;apprentissage automatique et au d\u00e9veloppement d&rsquo;algorithmes de cartographie localis\u00e9e. L&rsquo;\u00e9quipe d&rsquo;Inertial Labs fournit une solution mat\u00e9rielle et logicielle de marque pour que les partenaires puissent d\u00e9velopper leur propre service personnalis\u00e9. Dans les futures it\u00e9rations du RESEPI, l&rsquo;utilisation de graphiques NVIDIA permettra des applications de vision par ordinateur et d&rsquo;apprentissage automatique encore plus approfondies.<\/p>\n<\/div>\n\n\n\n<div class=\"wp-block-column is-layout-flow wp-block-column-is-layout-flow\" style=\"flex-basis:10%\"><\/div>\n<\/div>\n\n\n\n<div class=\"wp-block-columns is-layout-flex wp-container-core-columns-is-layout-9d6595d7 wp-block-columns-is-layout-flex\">\n<div class=\"wp-block-column is-layout-flow wp-block-column-is-layout-flow\" style=\"flex-basis:10%\"><\/div>\n\n\n\n<div class=\"wp-block-column is-layout-flow wp-block-column-is-layout-flow\" style=\"flex-basis:49.99%\">\n<h3><span style=\"color: #1a2a7a;\"><strong>RELATIONS PROFESSIONNELLES<\/strong><\/span><\/h3>\n\n\n\n<h2><strong>Image de marque du partenaire<\/strong><\/h2>\n\n\n\n<p>Les revendeurs peuvent se concentrer sur la croissance de leur activit\u00e9 plut\u00f4t que sur le d\u00e9veloppement ou la production de la charge utile finale qu&rsquo;ils souhaitent. Permettez-nous de vous aider, et nous soutiendrons et d\u00e9velopperons ensemble le produit pour r\u00e9pondre aux exigences du march\u00e9 que vous d\u00e9sirez, avec un engagement personnel \u00e0 vous fournir la meilleure solution prix\/performance.<\/p>\n<p>En fournissant la solution White-Label, Inertial Labs permet aux partenaires de se concentrer sur la g\u00e9n\u00e9ration d&rsquo;opportunit\u00e9s de qualit\u00e9 et les relations avec les clients au lieu de donner la priorit\u00e9 aux processus fastidieux n\u00e9cessaires \u00e0 une fabrication et une R&amp;D de qualit\u00e9.<\/p>\n<\/div>\n\n\n\n<div class=\"wp-block-column is-layout-flow wp-block-column-is-layout-flow\" style=\"flex-basis:30%\">\n<figure class=\"wp-block-image size-large\"><img loading=\"lazy\" decoding=\"async\" width=\"968\" height=\"450\" src=\"https:\/\/aydyng.eu\/wp-content\/uploads\/2021\/03\/Road_Cliff_Water_Survey-e1603823186455.png\" alt=\"\" class=\"wp-image-2014\" srcset=\"https:\/\/aydyng.eu\/wp-content\/uploads\/2021\/03\/Road_Cliff_Water_Survey-e1603823186455.png 968w, https:\/\/aydyng.eu\/wp-content\/uploads\/2021\/03\/Road_Cliff_Water_Survey-e1603823186455-300x139.png 300w, https:\/\/aydyng.eu\/wp-content\/uploads\/2021\/03\/Road_Cliff_Water_Survey-e1603823186455-768x357.png 768w\" sizes=\"auto, (max-width: 968px) 100vw, 968px\" \/><\/figure>\n<\/div>\n\n\n\n<div class=\"wp-block-column is-layout-flow wp-block-column-is-layout-flow\" style=\"flex-basis:10%\"><\/div>\n<\/div>\n\n\n\n<div class=\"wp-block-columns is-layout-flex wp-container-core-columns-is-layout-9d6595d7 wp-block-columns-is-layout-flex\">\n<div class=\"wp-block-column is-layout-flow wp-block-column-is-layout-flow\" style=\"flex-basis:10%\"><\/div>\n\n\n\n<div class=\"wp-block-column is-layout-flow wp-block-column-is-layout-flow\" style=\"flex-basis:30%\">\n<div class=\"wp-block-image\"><figure class=\"alignleft size-large\"><img loading=\"lazy\" decoding=\"async\" width=\"1024\" height=\"419\" src=\"https:\/\/aydyng.eu\/wp-content\/uploads\/2021\/03\/Point-Cloud-e1604611236919-1536x629-1-1024x419.jpg\" alt=\"\" class=\"wp-image-2015\" srcset=\"https:\/\/aydyng.eu\/wp-content\/uploads\/2021\/03\/Point-Cloud-e1604611236919-1536x629-1-1024x419.jpg 1024w, https:\/\/aydyng.eu\/wp-content\/uploads\/2021\/03\/Point-Cloud-e1604611236919-1536x629-1-300x123.jpg 300w, https:\/\/aydyng.eu\/wp-content\/uploads\/2021\/03\/Point-Cloud-e1604611236919-1536x629-1-768x315.jpg 768w, https:\/\/aydyng.eu\/wp-content\/uploads\/2021\/03\/Point-Cloud-e1604611236919-1536x629-1.jpg 1536w\" sizes=\"auto, (max-width: 1024px) 100vw, 1024px\" \/><\/figure><\/div>\n<\/div>\n\n\n\n<div class=\"wp-block-column is-layout-flow wp-block-column-is-layout-flow\" style=\"flex-basis:50%\">\n<h3 style=\"text-align: right;\"><span style=\"color: #1a2a7a;\"><strong>DEVELOPPEMENT<\/strong><\/span><\/h3>\n\n\n\n<h2 class=\"text-right\" style=\"text-align: right;\"><strong>Esprit de croissance<\/strong><\/h2>\n\n\n\n<p>La plateforme RESEPI a \u00e9t\u00e9 con\u00e7ue pour la croissance. Que votre march\u00e9 soit la navigation autonome (SLAM), l&rsquo;arpentage ou l&rsquo;inspection de chantiers de construction, RESEPI est modulaire et construit pour alimenter les projets de demain. Inertial Labs offre des opportunit\u00e9s de partenariat avec des entreprises qui souhaitent faire passer les solutions de num\u00e9risation au niveau sup\u00e9rieur. Les futures it\u00e9rations de RESEPI devraient \u00eatre dot\u00e9es de GPU et de CPU de haute performance pour aider \u00e0 apporter des solutions au monde de l&rsquo;autonomie.<\/p>\n<\/div>\n\n\n\n<div class=\"wp-block-column is-layout-flow wp-block-column-is-layout-flow\" style=\"flex-basis:10%\"><\/div>\n<\/div>\n","protected":false},"excerpt":{"rendered":"<p>FABRICATION CONTRACTUELLE D\u00e9veloppement logiciel Le march\u00e9 de la t\u00e9l\u00e9d\u00e9tection continue de progresser, tout comme les solutions mat\u00e9rielles et logicielles n\u00e9cessaires pour permettre aux partenaires de fournir aux utilisateurs finaux des produits de qualit\u00e9. Le processus simplifi\u00e9 fourni par RESEPI permet un traitement en un seul clic ainsi qu&rsquo;une sortie de donn\u00e9es en temps r\u00e9el de &hellip;<\/p>\n","protected":false},"author":1,"featured_media":0,"parent":1850,"menu_order":0,"comment_status":"closed","ping_status":"closed","template":"","meta":{"footnotes":""},"class_list":["post-2012","page","type-page","status-publish","hentry"],"_links":{"self":[{"href":"https:\/\/aydyng.eu\/index.php\/wp-json\/wp\/v2\/pages\/2012","targetHints":{"allow":["GET"]}}],"collection":[{"href":"https:\/\/aydyng.eu\/index.php\/wp-json\/wp\/v2\/pages"}],"about":[{"href":"https:\/\/aydyng.eu\/index.php\/wp-json\/wp\/v2\/types\/page"}],"author":[{"embeddable":true,"href":"https:\/\/aydyng.eu\/index.php\/wp-json\/wp\/v2\/users\/1"}],"replies":[{"embeddable":true,"href":"https:\/\/aydyng.eu\/index.php\/wp-json\/wp\/v2\/comments?post=2012"}],"version-history":[{"count":14,"href":"https:\/\/aydyng.eu\/index.php\/wp-json\/wp\/v2\/pages\/2012\/revisions"}],"predecessor-version":[{"id":2132,"href":"https:\/\/aydyng.eu\/index.php\/wp-json\/wp\/v2\/pages\/2012\/revisions\/2132"}],"up":[{"embeddable":true,"href":"https:\/\/aydyng.eu\/index.php\/wp-json\/wp\/v2\/pages\/1850"}],"wp:attachment":[{"href":"https:\/\/aydyng.eu\/index.php\/wp-json\/wp\/v2\/media?parent=2012"}],"curies":[{"name":"wp","href":"https:\/\/api.w.org\/{rel}","templated":true}]}}