{"id":204,"date":"2019-04-19T19:56:08","date_gmt":"2019-04-19T17:56:08","guid":{"rendered":"http:\/\/aydyng.eu\/?page_id=204"},"modified":"2020-02-10T12:04:48","modified_gmt":"2020-02-10T11:04:48","slug":"os3d-dts","status":"publish","type":"page","link":"https:\/\/aydyng.eu\/index.php\/centrales-inertielles\/os3d-dts\/","title":{"rendered":"Miniature High Precision Digital Tilt Sensor   &#8230;(OS3D-DTS)"},"content":{"rendered":"\n<p><\/p>\n\n\n\n<figure class=\"wp-block-gallery columns-1 wp-block-gallery-1 is-layout-flex wp-block-gallery-is-layout-flex\"><ul class=\"blocks-gallery-grid\"><li class=\"blocks-gallery-item\"><figure><img loading=\"lazy\" decoding=\"async\" width=\"350\" height=\"350\" src=\"http:\/\/aydyng.eu\/wp-content\/uploads\/2019\/05\/OS3D-DTS-2-1.jpg\" alt=\"\" data-id=\"383\" data-link=\"http:\/\/aydyng.eu\/index.php\/produits-2\/os3d-dts\/os3d-dts-2-2\/\" class=\"wp-image-383\" srcset=\"https:\/\/aydyng.eu\/wp-content\/uploads\/2019\/05\/OS3D-DTS-2-1.jpg 350w, https:\/\/aydyng.eu\/wp-content\/uploads\/2019\/05\/OS3D-DTS-2-1-150x150.jpg 150w, https:\/\/aydyng.eu\/wp-content\/uploads\/2019\/05\/OS3D-DTS-2-1-300x300.jpg 300w\" sizes=\"auto, (max-width: 350px) 100vw, 350px\" \/><figcaption class=\"blocks-gallery-item__caption\">OS3D-DTS<\/figcaption><\/figure><\/li><\/ul><\/figure>\n\n\n\n<div class=\"wp-block-button\"><a class=\"wp-block-button__link has-background has-vivid-cyan-blue-background-color\" href=\"http:\/\/aydyng.eu\/wp-content\/uploads\/2019\/07\/OS3D-DTS_Datasheet.rev3_.3.Jul21_2019.pdf\" style=\"border-radius:11px\" target=\"_blank\" rel=\"noreferrer noopener\">Fiche technique<\/a><\/div>\n\n\n<p><span id=\"s2_1\">L&rsquo;OS3D-DTS est un capteur d\u2019inclinaison num\u00e9rique MEMS miniature \u00e0 double axe ultra-pr\u00e9cis, con\u00e7u pour les essais et les mesures, industriel, la fabrication, la R&amp;D, les applications statiques et dynamiques a\u00e9rospatiales.<\/span><\/p>\n<p><span id=\"s2_1\">L&rsquo;OS3D-DTS comprend des gyroscopes MEMS tri-axiaux et des acc\u00e9l\u00e9rom\u00e8tres MEMS tri-axiaux de haute pr\u00e9cision.<\/span>\u00a0<span id=\"s2_2\">L\u2019OS3D-DTS est \u00e9galement \u00e9quip\u00e9 d\u2019un processeur embarqu\u00e9 et d\u2019algorithmes d\u2019inclinaison et tilt int\u00e9gr\u00e9s permettant une int\u00e9gration directe dans les syst\u00e8mes sans interfa\u00e7age d\u2019un PC.<\/span><\/p>\n<p><span id=\"s2_2\">L&rsquo;OS3D-DTS est une solution \u00e9conomique ITAR Free pour les syst\u00e8mes comme alternative aux inclinom\u00e8tres co\u00fbteux bas\u00e9s sur de vieilles technologies pour atteindre le niveau de performance que l&rsquo;OS3D-DTS peut offrir.<\/span><\/p>\n\n\n<div class=\"wp-block-button\"><a class=\"wp-block-button__link has-background has-vivid-cyan-blue-background-color\" href=\"http:\/\/aydyng.eu\/index.php\/devis\/\" style=\"border-radius:11px\" target=\"_blank\" rel=\"noreferrer noopener\">Demander un devis<\/a><\/div>\n\n\n<h3 style=\"text-align: center;\"><strong>Caract\u00e9ristiques<\/strong><\/h3>\n\n\n<figure class=\"wp-block-table is-style-stripes\"><table class=\"\"><tbody><tr><td> Advanced MEMS Gyroscopes and Accelerometers <\/td><\/tr><tr><td>0.01 deg Pitch &amp; Roll resolution<\/td><\/tr><tr><td>0.05 deg Pitch &amp; Roll accuracy<br><\/td><\/tr><tr><td> -40degC\u2026+85degC operational temperature range <\/td><\/tr><tr><td> Robust and Rugged Enclosure <\/td><\/tr><tr><td> High Shock and Vibration Tolerance <\/td><\/tr><tr><td> Affordable price <\/td><\/tr><tr><td> Fully calibrated in operational temperature range <\/td><\/tr><tr><td> Real-time Pitch and Roll orientation information <\/td><\/tr><tr><td> Small size, lightweight and low power consumption <\/td><\/tr><tr><td> Environmentally sealed (IP67) <\/td><\/tr><\/tbody><\/table><\/figure>\n\n\n<h2 style=\"text-align: center;\"><strong>Applications<\/strong><\/h2>\n<p>G\u00e9ographie de haute pr\u00e9cision, mesure de pr\u00e9cision de l\u2019inclinaison, profilage des chauss\u00e9es, alignement des roues des v\u00e9hicules, p\u00e9trole et gaz, surveillance de l\u2019inclinaison des ascenseurs, nivellement et positionnement des plates-formes, automatisation et contr\u00f4le industriels, robotique et syst\u00e8mes \u00e9lectro-optiques, mat\u00e9riel de construction et agricole, alignement et entretien des voies ferr\u00e9es, suivi solaire, grues mobiles et radars.<\/p>\n<h2 style=\"text-align: center;\"><strong>Performances<\/strong><\/h2>\n\n\n<figure class=\"wp-block-image\"><img loading=\"lazy\" decoding=\"async\" width=\"1024\" height=\"499\" src=\"http:\/\/aydyng.eu\/wp-content\/uploads\/2019\/05\/os3d-dts-0001-1-1024x499.jpg\" alt=\"\" class=\"wp-image-381\" srcset=\"https:\/\/aydyng.eu\/wp-content\/uploads\/2019\/05\/os3d-dts-0001-1-1024x499.jpg 1024w, https:\/\/aydyng.eu\/wp-content\/uploads\/2019\/05\/os3d-dts-0001-1-300x146.jpg 300w, https:\/\/aydyng.eu\/wp-content\/uploads\/2019\/05\/os3d-dts-0001-1-768x374.jpg 768w, https:\/\/aydyng.eu\/wp-content\/uploads\/2019\/05\/os3d-dts-0001-1.jpg 1920w\" sizes=\"auto, (max-width: 1024px) 100vw, 1024px\" \/><\/figure>\n","protected":false},"excerpt":{"rendered":"<p>L&rsquo;OS3D-DTS est un capteur d\u2019inclinaison num\u00e9rique MEMS miniature \u00e0 double axe ultra-pr\u00e9cis, con\u00e7u pour les essais et les mesures, industriel, la fabrication, la R&amp;D, les applications statiques et dynamiques a\u00e9rospatiales. L&rsquo;OS3D-DTS comprend des gyroscopes MEMS tri-axiaux et des acc\u00e9l\u00e9rom\u00e8tres MEMS tri-axiaux de haute pr\u00e9cision.\u00a0L\u2019OS3D-DTS est \u00e9galement \u00e9quip\u00e9 d\u2019un processeur embarqu\u00e9 et d\u2019algorithmes d\u2019inclinaison et tilt &hellip;<\/p>\n","protected":false},"author":1,"featured_media":0,"parent":129,"menu_order":0,"comment_status":"closed","ping_status":"closed","template":"","meta":{"footnotes":""},"class_list":["post-204","page","type-page","status-publish","hentry"],"_links":{"self":[{"href":"https:\/\/aydyng.eu\/index.php\/wp-json\/wp\/v2\/pages\/204","targetHints":{"allow":["GET"]}}],"collection":[{"href":"https:\/\/aydyng.eu\/index.php\/wp-json\/wp\/v2\/pages"}],"about":[{"href":"https:\/\/aydyng.eu\/index.php\/wp-json\/wp\/v2\/types\/page"}],"author":[{"embeddable":true,"href":"https:\/\/aydyng.eu\/index.php\/wp-json\/wp\/v2\/users\/1"}],"replies":[{"embeddable":true,"href":"https:\/\/aydyng.eu\/index.php\/wp-json\/wp\/v2\/comments?post=204"}],"version-history":[{"count":20,"href":"https:\/\/aydyng.eu\/index.php\/wp-json\/wp\/v2\/pages\/204\/revisions"}],"predecessor-version":[{"id":1325,"href":"https:\/\/aydyng.eu\/index.php\/wp-json\/wp\/v2\/pages\/204\/revisions\/1325"}],"up":[{"embeddable":true,"href":"https:\/\/aydyng.eu\/index.php\/wp-json\/wp\/v2\/pages\/129"}],"wp:attachment":[{"href":"https:\/\/aydyng.eu\/index.php\/wp-json\/wp\/v2\/media?parent=204"}],"curies":[{"name":"wp","href":"https:\/\/api.w.org\/{rel}","templated":true}]}}