{"id":2085,"date":"2021-03-14T14:27:40","date_gmt":"2021-03-14T13:27:40","guid":{"rendered":"https:\/\/aydyng.eu\/?page_id=2085"},"modified":"2022-05-10T00:38:23","modified_gmt":"2022-05-09T22:38:23","slug":"services","status":"publish","type":"page","link":"https:\/\/aydyng.eu\/index.php\/services\/","title":{"rendered":"Services"},"content":{"rendered":"<h3 style=\"text-align: center;\"><span style=\"color: #1a2a7a;\"><strong>Qui sommes-nous ?<\/strong><\/span><\/h3>\n\n\n<div class=\"wp-block-columns is-layout-flex wp-container-core-columns-is-layout-9d6595d7 wp-block-columns-is-layout-flex\">\n<div class=\"wp-block-column is-layout-flow wp-block-column-is-layout-flow\" style=\"flex-basis:10%\"><\/div>\n\n\n\n<div class=\"wp-block-column is-layout-flow wp-block-column-is-layout-flow\" style=\"flex-basis:80%\">\n<p><span style=\"color: #ff0000;\"><strong>AYDYNG<\/strong><\/span>&nbsp;est une soci\u00e9t\u00e9 d\u2019Occitanie sp\u00e9cialis\u00e9e dans le domaine des hautes technologies qui m\u00e8ne des missions de conseil et de service aupr\u00e8s d\u2019entreprises innovantes principalement dans le domaine D\u00e9fense et S\u00e9curit\u00e9.<\/p>\n<p><span style=\"color: #ff0000;\"><strong>AYDYNG<\/strong><\/span> est n\u00e9e en Avril 2018 de la volont\u00e9 de ses fondateurs de f\u00e9d\u00e9rer leurs comp\u00e9tences et leurs contacts afin de trouver des synergies parmi les nombreux entrepreneurs pour les aider \u00e0 atteindre leurs objectifs. Les associ\u00e9s fondateurs de la soci\u00e9t\u00e9 disposent de fortes comp\u00e9tences en informatique (G\u00e9nie Logiciel, IOT, IHM, Cybers\u00e9curit\u00e9, IA, \u2026) et \u00e9lectronique. Ils sont \u00e9galement tr\u00e8s attach\u00e9s \u00e0 la mise en \u0153uvre de toutes les r\u00e8gles de l\u2019Assurance Qualit\u00e9. Par ailleurs, ils ont tiss\u00e9 un important r\u00e9seau de contacts qui offre \u00e0 leurs clients un acc\u00e8s Agile, r\u00e9silient et s\u00fbr aux clients et distributeurs internationaux ainsi qu\u2019aux fournisseurs afin d\u2019amplifier leur comp\u00e9titivit\u00e9.<\/p>\n<p><span style=\"color: #ff0000;\"><strong>AYDYNG<\/strong><\/span>&nbsp;b\u00e9n\u00e9ficient de plus de 30 ans d\u2019exp\u00e9rience \u00e0 l\u2019international, en innovation et en investissement.<\/p>\n<\/div>\n\n\n\n<div class=\"wp-block-column is-layout-flow wp-block-column-is-layout-flow\" style=\"flex-basis:10%\"><\/div>\n<\/div>\n\n\n<hr>\n<h3 style=\"text-align: center;\"><span style=\"color: #1a2a7a;\"><strong>Domaines d&rsquo;activit\u00e9s<\/strong><\/span><\/h3>\n\n\n<div class=\"wp-block-columns is-layout-flex wp-container-core-columns-is-layout-9d6595d7 wp-block-columns-is-layout-flex\">\n<div class=\"wp-block-column is-layout-flow wp-block-column-is-layout-flow\" style=\"flex-basis:10%\"><\/div>\n\n\n\n<div class=\"wp-block-column is-layout-flow wp-block-column-is-layout-flow\" style=\"flex-basis:80%\">\n<p><span style=\"color: #ff0000;\"><strong>AYDYNG<\/strong><\/span>&nbsp;instaure avec ses clients une relation de confiance permettant un \u00e9change constructif autour de la strat\u00e9gie technique et commerciale des entreprises. Ainsi ses prestations s\u2019organisent autour de<\/p>\n<ul>\n<li>la r\u00e9alisation aupr\u00e8s de ses clients de missions d\u2019assistance et de conseil en strat\u00e9gie d\u2019innovation, comprenant la recherche de partenaires, le montage et la conduite de projets collaboratifs.<\/li>\n<li>la conduite pour le compte de ses clients des op\u00e9rations de d\u00e9veloppement marketing et commercial en France et \u00e0 l\u2019International, principalement dans le domaine de la D\u00e9fense et de la S\u00e9curit\u00e9.<\/li>\n<li>la recherche de solutions innovantes dans le monde.<\/li>\n<\/ul>\n<p><span style=\"color: #ff0000;\"><strong>AYDYNG<\/strong><\/span>&nbsp;m\u00e8ne en parall\u00e8le une activit\u00e9 d\u2019Innovation pour le d\u00e9veloppement de ses propres produits.<\/p>\n<\/div>\n\n\n\n<div class=\"wp-block-column is-layout-flow wp-block-column-is-layout-flow\" style=\"flex-basis:10%\"><\/div>\n<\/div>\n\n\n<hr>\n<h3 style=\"text-align: center;\"><span style=\"color: #1a2a7a;\"><strong>Partenaires<\/strong><\/span><\/h3>\n\n\n<div class=\"wp-block-columns is-layout-flex wp-container-core-columns-is-layout-9d6595d7 wp-block-columns-is-layout-flex\">\n<div class=\"wp-block-column is-layout-flow wp-block-column-is-layout-flow\" style=\"flex-basis:30%\"><\/div>\n\n\n\n<div class=\"wp-block-column is-layout-flow wp-block-column-is-layout-flow\" style=\"flex-basis:12%\">\n<figure class=\"wp-block-image size-medium is-resized\"><img loading=\"lazy\" decoding=\"async\" src=\"https:\/\/aydyng.eu\/wp-content\/uploads\/2019\/12\/Inertial-Labs_300-300x170.jpg\" alt=\"\" class=\"wp-image-867\" width=\"90\" height=\"50\" srcset=\"https:\/\/aydyng.eu\/wp-content\/uploads\/2019\/12\/Inertial-Labs_300-300x170.jpg 300w, https:\/\/aydyng.eu\/wp-content\/uploads\/2019\/12\/Inertial-Labs_300-1024x580.jpg 1024w, https:\/\/aydyng.eu\/wp-content\/uploads\/2019\/12\/Inertial-Labs_300-768x435.jpg 768w, https:\/\/aydyng.eu\/wp-content\/uploads\/2019\/12\/Inertial-Labs_300-1536x870.jpg 1536w, https:\/\/aydyng.eu\/wp-content\/uploads\/2019\/12\/Inertial-Labs_300-2048x1161.jpg 2048w\" sizes=\"auto, (max-width: 90px) 100vw, 90px\" \/><\/figure>\n<\/div>\n\n\n\n<div class=\"wp-block-column is-layout-flow wp-block-column-is-layout-flow\" style=\"flex-basis:29%\">\n<p><span style=\"color: #ff0000;\"><strong>AYDYNG<\/strong><\/span> est le distributeur exclusif des centrales \u00e0 inertie de haute pr\u00e9cision et charges utiles LiDAR d\u2019<strong>Inertial Labs<\/strong>.<\/p>\n<\/div>\n\n\n\n<div class=\"wp-block-column is-layout-flow wp-block-column-is-layout-flow\" style=\"flex-basis:29%\"><\/div>\n<\/div>\n\n\n\n<div class=\"wp-block-columns is-layout-flex wp-container-core-columns-is-layout-9d6595d7 wp-block-columns-is-layout-flex\">\n<div class=\"wp-block-column is-layout-flow wp-block-column-is-layout-flow\" style=\"flex-basis:30%\"><\/div>\n\n\n\n<div class=\"wp-block-column is-layout-flow wp-block-column-is-layout-flow\" style=\"flex-basis:12%\">\n<figure class=\"wp-block-image size-large is-resized\"><img loading=\"lazy\" decoding=\"async\" src=\"https:\/\/aydyng.eu\/wp-content\/uploads\/2022\/05\/LiquidCool-Solutions-II.png\" alt=\"\" class=\"wp-image-2278\" width=\"143\" height=\"31\" srcset=\"https:\/\/aydyng.eu\/wp-content\/uploads\/2022\/05\/LiquidCool-Solutions-II.png 571w, https:\/\/aydyng.eu\/wp-content\/uploads\/2022\/05\/LiquidCool-Solutions-II-300x65.png 300w\" sizes=\"auto, (max-width: 143px) 100vw, 143px\" \/><\/figure>\n<\/div>\n\n\n\n<div class=\"wp-block-column is-layout-flow wp-block-column-is-layout-flow\" style=\"flex-basis:29%\">\n<p><span style=\"color: #ff0000;\"><strong>AYDYNG<\/strong><\/span> est le distributeur exclusif des syst\u00e8mes d&rsquo;immersion durables de <strong>LiquidCool Solutions <\/strong>pour environnements hostiles et centres de donn\u00e9es.<\/p>\n<\/div>\n\n\n\n<div class=\"wp-block-column is-layout-flow wp-block-column-is-layout-flow\" style=\"flex-basis:29%\"><\/div>\n<\/div>\n\n\n\n<div class=\"wp-block-columns is-layout-flex wp-container-core-columns-is-layout-9d6595d7 wp-block-columns-is-layout-flex\">\n<div class=\"wp-block-column is-layout-flow wp-block-column-is-layout-flow\" style=\"flex-basis:30%\"><\/div>\n\n\n\n<div class=\"wp-block-column is-layout-flow wp-block-column-is-layout-flow\" style=\"flex-basis:12%\">\n<figure class=\"wp-block-image size-thumbnail is-resized\"><img loading=\"lazy\" decoding=\"async\" src=\"https:\/\/aydyng.eu\/wp-content\/uploads\/2019\/04\/VirdysLogoGrand-150x118.png\" alt=\"\" class=\"wp-image-114\" width=\"71\" height=\"55\"\/><\/figure>\n<\/div>\n\n\n\n<div class=\"wp-block-column is-layout-flow wp-block-column-is-layout-flow\" style=\"flex-basis:29%\">\n<p><span style=\"color: #ff0000;\"><strong>AYDYNG<\/strong><\/span> commercialise les solutions de r\u00e9alit\u00e9 virtuelle et r\u00e9alit\u00e9 mixte de <strong>Virdys<sup>TM<\/sup><\/strong>.<\/p>\n<\/div>\n\n\n\n<div class=\"wp-block-column is-layout-flow wp-block-column-is-layout-flow\" style=\"flex-basis:29%\"><\/div>\n<\/div>\n","protected":false},"excerpt":{"rendered":"<p>Qui sommes-nous ? AYDYNG&nbsp;est une soci\u00e9t\u00e9 d\u2019Occitanie sp\u00e9cialis\u00e9e dans le domaine des hautes technologies qui m\u00e8ne des missions de conseil et de service aupr\u00e8s d\u2019entreprises innovantes principalement dans le domaine D\u00e9fense et S\u00e9curit\u00e9. AYDYNG est n\u00e9e en Avril 2018 de la volont\u00e9 de ses fondateurs de f\u00e9d\u00e9rer leurs comp\u00e9tences et leurs contacts afin de trouver &hellip;<\/p>\n","protected":false},"author":1,"featured_media":0,"parent":0,"menu_order":0,"comment_status":"closed","ping_status":"closed","template":"","meta":{"footnotes":""},"class_list":["post-2085","page","type-page","status-publish","hentry"],"_links":{"self":[{"href":"https:\/\/aydyng.eu\/index.php\/wp-json\/wp\/v2\/pages\/2085","targetHints":{"allow":["GET"]}}],"collection":[{"href":"https:\/\/aydyng.eu\/index.php\/wp-json\/wp\/v2\/pages"}],"about":[{"href":"https:\/\/aydyng.eu\/index.php\/wp-json\/wp\/v2\/types\/page"}],"author":[{"embeddable":true,"href":"https:\/\/aydyng.eu\/index.php\/wp-json\/wp\/v2\/users\/1"}],"replies":[{"embeddable":true,"href":"https:\/\/aydyng.eu\/index.php\/wp-json\/wp\/v2\/comments?post=2085"}],"version-history":[{"count":36,"href":"https:\/\/aydyng.eu\/index.php\/wp-json\/wp\/v2\/pages\/2085\/revisions"}],"predecessor-version":[{"id":2288,"href":"https:\/\/aydyng.eu\/index.php\/wp-json\/wp\/v2\/pages\/2085\/revisions\/2288"}],"wp:attachment":[{"href":"https:\/\/aydyng.eu\/index.php\/wp-json\/wp\/v2\/media?parent=2085"}],"curies":[{"name":"wp","href":"https:\/\/api.w.org\/{rel}","templated":true}]}}