{"id":2142,"date":"2021-03-14T16:11:27","date_gmt":"2021-03-14T15:11:27","guid":{"rendered":"https:\/\/aydyng.eu\/?page_id=2142"},"modified":"2021-03-14T17:11:51","modified_gmt":"2021-03-14T16:11:51","slug":"wave-sensors-ws","status":"publish","type":"page","link":"https:\/\/aydyng.eu\/index.php\/centrales-inertielles\/wave-sensors-ws\/","title":{"rendered":"Wave Sensors (WS)"},"content":{"rendered":"\n<div class=\"wp-block-columns is-layout-flex wp-container-core-columns-is-layout-9d6595d7 wp-block-columns-is-layout-flex\">\n<div class=\"wp-block-column is-layout-flow wp-block-column-is-layout-flow\" style=\"flex-basis:10%\"><\/div>\n\n\n\n<div class=\"wp-block-column is-layout-flow wp-block-column-is-layout-flow\" style=\"flex-basis:50%\">\n<p>La gamme de produits Wave Sensor (WS) d&rsquo;Inertial Labs est la derni\u00e8re version des solutions de capteurs inertiels bas\u00e9s sur les MEMS de qualit\u00e9 tactique. En 2016, Inertial Labs a r\u00e9pondu aux secteurs de la recherche et du d\u00e9veloppement de nombreuses installations de biologie et d&rsquo;analyse g\u00e9ographique pour un dispositif capable de surveiller les caract\u00e9ristiques oc\u00e9aniques pour l&rsquo;observation et l&rsquo;analyse maritimes. Inertial Labs a d\u00e9velopp\u00e9 ses capteurs de vagues (WS) pour r\u00e9pondre aux exigences de l&rsquo;industrie en mati\u00e8re de statistiques sur les vagues et g\u00e9n\u00e9rer \u00e9galement des donn\u00e9es spectrales sous la forme d&rsquo;un ensemble complet de coefficients et d&rsquo;\u00e9nergies de Fourier.<\/p>\n<p>Les produits Wave Sensor (WS) sont des capteurs de vagues, de direction et de mouvement am\u00e9lior\u00e9s et tr\u00e8s performants qui d\u00e9terminent la hauteur significative des vagues, la hauteur maximale des vagues, la p\u00e9riode des vagues, la direction des vagues, l&rsquo;\u00e9nergie des vagues, la largeur directionnelle, les coefficients de Fourier, l&rsquo;angle moyen de propagation, le cap, le tangage, les vitesses angulaires, les acc\u00e9l\u00e9rations, les donn\u00e9es magn\u00e9tom\u00e9triques, la temp\u00e9rature, le pilonnement, la vitesse du pilonnement et la position de tout dispositif sur lequel il est mont\u00e9.<\/p>\n<\/div>\n\n\n\n<div class=\"wp-block-column is-layout-flow wp-block-column-is-layout-flow\" style=\"flex-basis:30%\">\n<figure class=\"wp-block-image size-large\"><img loading=\"lazy\" decoding=\"async\" width=\"1024\" height=\"630\" src=\"https:\/\/aydyng.eu\/wp-content\/uploads\/2021\/03\/Buoy-from-side-1024x630.png\" alt=\"\" class=\"wp-image-2143\" srcset=\"https:\/\/aydyng.eu\/wp-content\/uploads\/2021\/03\/Buoy-from-side-1024x630.png 1024w, https:\/\/aydyng.eu\/wp-content\/uploads\/2021\/03\/Buoy-from-side-300x184.png 300w, https:\/\/aydyng.eu\/wp-content\/uploads\/2021\/03\/Buoy-from-side-768x472.png 768w, https:\/\/aydyng.eu\/wp-content\/uploads\/2021\/03\/Buoy-from-side.png 1106w\" sizes=\"auto, (max-width: 1024px) 100vw, 1024px\" \/><\/figure>\n<\/div>\n\n\n\n<div class=\"wp-block-column is-layout-flow wp-block-column-is-layout-flow\" style=\"flex-basis:10%\"><\/div>\n<\/div>\n\n\n\n<div class=\"wp-block-columns is-layout-flex wp-container-core-columns-is-layout-9d6595d7 wp-block-columns-is-layout-flex\">\n<div class=\"wp-block-column is-layout-flow wp-block-column-is-layout-flow\" style=\"flex-basis:10%\"><\/div>\n\n\n\n<div class=\"wp-block-column is-layout-flow wp-block-column-is-layout-flow\" style=\"flex-basis:80%\">\n<p>L&rsquo;\u00e9quipe d&rsquo;ing\u00e9nieurs qualifi\u00e9s d&rsquo;Inertial Labs apporte son expertise pour aider les utilisateurs \u00e0 s\u00e9lectionner et \u00e0 configurer les mod\u00e8les disponibles : WS-E, WS-PD. Notre \u00e9quipe d&rsquo;assistance aide \u00e0 configurer les unit\u00e9s pour toutes les bases d&rsquo;application afin de satisfaire \u00e0 la fois les environnements compatibles et non compatibles avec le GNSS.<\/p>\n<hr>\n<h2 style=\"text-align: center;\"><span style=\"color: #1a2a7a;\"><strong>Mod\u00e8les de Wave Sensors disponibles<\/strong><\/span><\/h2>\n<\/div>\n\n\n\n<div class=\"wp-block-column is-layout-flow wp-block-column-is-layout-flow\" style=\"flex-basis:10%\"><\/div>\n<\/div>\n\n\n\n<div class=\"wp-block-columns is-layout-flex wp-container-core-columns-is-layout-9d6595d7 wp-block-columns-is-layout-flex\">\n<div class=\"wp-block-column is-layout-flow wp-block-column-is-layout-flow\" style=\"flex-basis:20%\"><\/div>\n\n\n\n<div class=\"wp-block-column is-layout-flow wp-block-column-is-layout-flow\" style=\"flex-basis:30%\">\n<figure class=\"wp-block-image size-large\"><a href=\"https:\/\/aydyng.eu\/wp-content\/uploads\/2021\/03\/Datasheet_Inertial_Labs_Wave_Sensor_V1.7_Feb_2020.pdf\" target=\"_blank\" rel=\"noreferrer noopener\"><img loading=\"lazy\" decoding=\"async\" width=\"866\" height=\"744\" src=\"https:\/\/aydyng.eu\/wp-content\/uploads\/2021\/03\/WS-E.png\" alt=\"\" class=\"wp-image-2146\" srcset=\"https:\/\/aydyng.eu\/wp-content\/uploads\/2021\/03\/WS-E.png 866w, https:\/\/aydyng.eu\/wp-content\/uploads\/2021\/03\/WS-E-300x258.png 300w, https:\/\/aydyng.eu\/wp-content\/uploads\/2021\/03\/WS-E-768x660.png 768w\" sizes=\"auto, (max-width: 866px) 100vw, 866px\" \/><\/a><\/figure>\n<\/div>\n\n\n\n<div class=\"wp-block-column is-layout-flow wp-block-column-is-layout-flow\" style=\"flex-basis:30%\">\n<figure class=\"wp-block-image size-large\"><a href=\"https:\/\/aydyng.eu\/wp-content\/uploads\/2021\/03\/Datasheet_Inertial_Labs_Wave_Sensor_V1.7_Feb_2020.pdf\" target=\"_blank\" rel=\"noreferrer noopener\"><img loading=\"lazy\" decoding=\"async\" width=\"866\" height=\"744\" src=\"https:\/\/aydyng.eu\/wp-content\/uploads\/2021\/03\/WS-PD.png\" alt=\"\" class=\"wp-image-2147\" srcset=\"https:\/\/aydyng.eu\/wp-content\/uploads\/2021\/03\/WS-PD.png 866w, https:\/\/aydyng.eu\/wp-content\/uploads\/2021\/03\/WS-PD-300x258.png 300w, https:\/\/aydyng.eu\/wp-content\/uploads\/2021\/03\/WS-PD-768x660.png 768w\" sizes=\"auto, (max-width: 866px) 100vw, 866px\" \/><\/a><\/figure>\n<\/div>\n\n\n\n<div class=\"wp-block-column is-layout-flow wp-block-column-is-layout-flow\" style=\"flex-basis:20%\"><\/div>\n<\/div>\n\n\n\n<div class=\"wp-block-button aligncenter is-style-fill\"><a class=\"wp-block-button__link has-background\" href=\"http:\/\/aydyng.eu\/index.php\/devis\/\" style=\"background-color:#1a2a7a;border-radius:11px\" target=\"_blank\" rel=\"noreferrer noopener\">Demander un devis<\/a><\/div>\n\n\n<hr>\n<h2 style=\"text-align: center;\"><span style=\"color: #1a2a7a;\"><strong>Cas d&rsquo;usage des Wave Sensors<\/strong><\/span><\/h2>\n\n\n<div class=\"wp-block-columns is-layout-flex wp-container-core-columns-is-layout-9d6595d7 wp-block-columns-is-layout-flex\">\n<div class=\"wp-block-column is-layout-flow wp-block-column-is-layout-flow\" style=\"flex-basis:10%\"><\/div>\n\n\n\n<div class=\"wp-block-column is-layout-flow wp-block-column-is-layout-flow\" style=\"flex-basis:30%\">\n<figure class=\"wp-block-image size-large\"><img loading=\"lazy\" decoding=\"async\" width=\"500\" height=\"325\" src=\"https:\/\/aydyng.eu\/wp-content\/uploads\/2021\/03\/Ocean-Studies-500x325-1.jpg\" alt=\"\" class=\"wp-image-2152\" srcset=\"https:\/\/aydyng.eu\/wp-content\/uploads\/2021\/03\/Ocean-Studies-500x325-1.jpg 500w, https:\/\/aydyng.eu\/wp-content\/uploads\/2021\/03\/Ocean-Studies-500x325-1-300x195.jpg 300w\" sizes=\"auto, (max-width: 500px) 100vw, 500px\" \/><\/figure>\n<\/div>\n\n\n\n<div class=\"wp-block-column is-layout-flow wp-block-column-is-layout-flow\" style=\"flex-basis:50%\">\n<h3><strong>Surveillance des caract\u00e9ristiques de l&rsquo;oc\u00e9an<\/strong><\/h3>\n\n\n\n<p>Le capteur de vagues r\u00e9pond aux exigences de l&rsquo;industrie en mati\u00e8re de statistiques sur les vagues et g\u00e9n\u00e8re des donn\u00e9es spectrales sous la forme d&rsquo;un ensemble complet de coefficients et d&rsquo;\u00e9nergies de Fourier. Utilisez le WS pour surveiller et enregistrer ou communiquer par RF en temps r\u00e9el \u00e0 une station de base les param\u00e8tres des vagues et les caract\u00e9ristiques de l&rsquo;oc\u00e9an tels que : Hauteur significative de la vague, hauteur maximale de la vague, p\u00e9riode de la vague, direction de la vague, \u00e9nergie de la vague, largeur directionnelle, coefficients de Fourier, angle moyen d&rsquo;\u00e9talement et bien plus encore.<\/p>\n<\/div>\n\n\n\n<div class=\"wp-block-column is-layout-flow wp-block-column-is-layout-flow\" style=\"flex-basis:10%\"><\/div>\n<\/div>\n\n\n\n<div class=\"wp-block-columns is-layout-flex wp-container-core-columns-is-layout-9d6595d7 wp-block-columns-is-layout-flex\">\n<div class=\"wp-block-column is-layout-flow wp-block-column-is-layout-flow\" style=\"flex-basis:10%\"><\/div>\n\n\n\n<div class=\"wp-block-column is-layout-flow wp-block-column-is-layout-flow\" style=\"flex-basis:30%\">\n<figure class=\"wp-block-image size-large is-resized\"><img decoding=\"async\" src=\"https:\/\/aydyng.eu\/wp-content\/uploads\/2021\/03\/Buoy-from-side-1-1024x630.png\" alt=\"\" class=\"wp-image-2154\" width=\"500\" srcset=\"https:\/\/aydyng.eu\/wp-content\/uploads\/2021\/03\/Buoy-from-side-1-1024x630.png 1024w, https:\/\/aydyng.eu\/wp-content\/uploads\/2021\/03\/Buoy-from-side-1-300x184.png 300w, https:\/\/aydyng.eu\/wp-content\/uploads\/2021\/03\/Buoy-from-side-1-768x472.png 768w, https:\/\/aydyng.eu\/wp-content\/uploads\/2021\/03\/Buoy-from-side-1.png 1106w\" sizes=\"(max-width: 1024px) 100vw, 1024px\" \/><\/figure>\n<\/div>\n\n\n\n<div class=\"wp-block-column is-layout-flow wp-block-column-is-layout-flow\" style=\"flex-basis:50%\">\n<h3>Positionnement dynamique sur les bou\u00e9es et les navires de recherche<\/h3>\n\n\n\n<p>Montez le \u00e0 l&rsquo;aide du bo\u00eetier IP67 ou Subsea (jusqu&rsquo;\u00e0 un minimum de 200 m\u00e8tres) sur les bou\u00e9es de recherche et les navires (autonomes ou \u00e0 commande manuelle). Communiquez en temps r\u00e9el en utilisant les fr\u00e9quences radio (RF) ou profitez du WS-PD et associez-le \u00e0 une station de base RTK (Real Time Kinematic) d&rsquo;Inertial Labs pour les communications RTK. Id\u00e9al pour les applications de positionnement dynamique (DP-1\/2\/3) n\u00e9cessitant, sans s&rsquo;y limiter, toutes les constellations GNSS courantes (GPS, GLONASS, GALILEO, BeiDou, QZSS, NAViC, AltBOC, SBAS, DGPS, RTK).<\/p>\n<\/div>\n\n\n\n<div class=\"wp-block-column is-layout-flow wp-block-column-is-layout-flow\" style=\"flex-basis:10%\"><\/div>\n<\/div>\n\n\n\n<div class=\"wp-block-columns is-layout-flex wp-container-core-columns-is-layout-9d6595d7 wp-block-columns-is-layout-flex\">\n<div class=\"wp-block-column is-layout-flow wp-block-column-is-layout-flow\" style=\"flex-basis:10%\"><\/div>\n\n\n\n<div class=\"wp-block-column is-layout-flow wp-block-column-is-layout-flow\" style=\"flex-basis:30%\">\n<figure class=\"wp-block-image size-large\"><img loading=\"lazy\" decoding=\"async\" width=\"500\" height=\"336\" src=\"https:\/\/aydyng.eu\/wp-content\/uploads\/2021\/03\/Research-and-devlopment-500x336-1.png\" alt=\"\" class=\"wp-image-2155\" srcset=\"https:\/\/aydyng.eu\/wp-content\/uploads\/2021\/03\/Research-and-devlopment-500x336-1.png 500w, https:\/\/aydyng.eu\/wp-content\/uploads\/2021\/03\/Research-and-devlopment-500x336-1-300x202.png 300w\" sizes=\"auto, (max-width: 500px) 100vw, 500px\" \/><\/figure>\n<\/div>\n\n\n\n<div class=\"wp-block-column is-layout-flow wp-block-column-is-layout-flow\" style=\"flex-basis:50%\">\n<h3>\u00c9tudes universitaires oc\u00e9anologiques<\/h3>\n\n\n\n<p>En partenariat avec des \u00e9coles et des universit\u00e9s du monde entier, Inertial Labs propose le capteur d&rsquo;ondes et un kit de d\u00e9veloppement qui comprend le capteur, tous les c\u00e2bles et l&rsquo;interface utilisateur graphique, le tout avec une remise pour l&rsquo;enseignement. De nombreuses \u00e9coles et centres de recherche ont profit\u00e9 de ces offres group\u00e9es, notamment : Texas A&amp;M, l&rsquo;Universit\u00e9 de Tel Aviv, l&rsquo;Universit\u00e9 de Penn State, l&rsquo;Universit\u00e9 de technologie de Nagaoka, Virginia Tech, l&rsquo;Universit\u00e9 de Qu\u00e9bec et l&rsquo;Universit\u00e9 nationale de S\u00e9oul.<\/p>\n<\/div>\n\n\n\n<div class=\"wp-block-column is-layout-flow wp-block-column-is-layout-flow\" style=\"flex-basis:10%\"><\/div>\n<\/div>\n\n\n<hr>\n<h2 style=\"text-align: center;\"><strong>Mat\u00e9riel pris en charge pour le Wave Sensor<\/strong><\/h2>\n\n\n<div class=\"wp-block-columns is-layout-flex wp-container-core-columns-is-layout-9d6595d7 wp-block-columns-is-layout-flex\">\n<div class=\"wp-block-column is-layout-flow wp-block-column-is-layout-flow\" style=\"flex-basis:10%\"><\/div>\n\n\n\n<div class=\"wp-block-column is-layout-flow wp-block-column-is-layout-flow\" style=\"flex-basis:30%\">\n<figure class=\"wp-block-image size-large\"><a href=\"https:\/\/www.novatel.com\/products\/software\/inertial-explorer\/\" target=\"_blank\" rel=\"noreferrer noopener\"><img loading=\"lazy\" decoding=\"async\" width=\"1012\" height=\"296\" src=\"https:\/\/aydyng.eu\/wp-content\/uploads\/2021\/03\/IE-e1586287779344.jpg\" alt=\"\" class=\"wp-image-2162\" srcset=\"https:\/\/aydyng.eu\/wp-content\/uploads\/2021\/03\/IE-e1586287779344.jpg 1012w, https:\/\/aydyng.eu\/wp-content\/uploads\/2021\/03\/IE-e1586287779344-300x88.jpg 300w, https:\/\/aydyng.eu\/wp-content\/uploads\/2021\/03\/IE-e1586287779344-768x225.jpg 768w\" sizes=\"auto, (max-width: 1012px) 100vw, 1012px\" \/><\/a><\/figure>\n<\/div>\n\n\n\n<div class=\"wp-block-column is-layout-flow wp-block-column-is-layout-flow\" style=\"flex-basis:15%\">\n<figure class=\"wp-block-image size-large\"><a href=\"https:\/\/www.ni.com\/en-us\/shop\/labview.html\" target=\"_blank\" rel=\"noreferrer noopener\"><img loading=\"lazy\" decoding=\"async\" width=\"300\" height=\"223\" src=\"https:\/\/aydyng.eu\/wp-content\/uploads\/2021\/03\/labview-2.png\" alt=\"\" class=\"wp-image-2163\"\/><\/a><\/figure>\n<\/div>\n\n\n\n<div class=\"wp-block-column is-layout-flow wp-block-column-is-layout-flow\" style=\"flex-basis:15%\">\n<figure class=\"wp-block-image size-large\"><a href=\"https:\/\/www.qps.nl\/qinsy\/\" target=\"_blank\" rel=\"noreferrer noopener\"><img loading=\"lazy\" decoding=\"async\" width=\"300\" height=\"119\" src=\"https:\/\/aydyng.eu\/wp-content\/uploads\/2021\/03\/qinsylogo.jpg\" alt=\"\" class=\"wp-image-2164\"\/><\/a><\/figure>\n<\/div>\n\n\n\n<div class=\"wp-block-column is-layout-flow wp-block-column-is-layout-flow\" style=\"flex-basis:15%\">\n<figure class=\"wp-block-image size-large\"><a href=\"http:\/\/www.hypack.com\/product\/id-HYPACK-SURVEY\/HYPACK%c2%ae-SURVEY\" target=\"_blank\" rel=\"noreferrer noopener\"><img loading=\"lazy\" decoding=\"async\" width=\"300\" height=\"300\" src=\"https:\/\/aydyng.eu\/wp-content\/uploads\/2021\/03\/HYPACK-300x300-1.jpg\" alt=\"\" class=\"wp-image-2165\" srcset=\"https:\/\/aydyng.eu\/wp-content\/uploads\/2021\/03\/HYPACK-300x300-1.jpg 300w, https:\/\/aydyng.eu\/wp-content\/uploads\/2021\/03\/HYPACK-300x300-1-150x150.jpg 150w\" sizes=\"auto, (max-width: 300px) 100vw, 300px\" \/><\/a><\/figure>\n<\/div>\n\n\n\n<div class=\"wp-block-column is-layout-flow wp-block-column-is-layout-flow\" style=\"flex-basis:15%\"><\/div>\n<\/div>\n\n\n<p style=\"text-align: center;\">Inertial Labs fournit les pilotes et les outils n\u00e9cessaires pour une int\u00e9gration facile avec les plateformes couramment utilis\u00e9es telles que Waypoint, LabVIEW, QiNSY et les produits Hypack*.<\/p>\n<hr>\n<h2 style=\"text-align: center;\"><strong>Performances cl\u00e9 Wave Sensor<\/strong><\/h2>\n<h3 style=\"text-align: center;\"><strong>Heave Accuracy (10Hz and 20Hz Waves)<\/strong><\/h3>\n\n\n<div class=\"wp-block-columns is-layout-flex wp-container-core-columns-is-layout-9d6595d7 wp-block-columns-is-layout-flex\">\n<div class=\"wp-block-column is-layout-flow wp-block-column-is-layout-flow\"><\/div>\n\n\n\n<div class=\"wp-block-column is-layout-flow wp-block-column-is-layout-flow\">\n<figure class=\"wp-block-image size-large\"><img loading=\"lazy\" decoding=\"async\" width=\"946\" height=\"748\" src=\"https:\/\/aydyng.eu\/wp-content\/uploads\/2021\/03\/Heave-Error-10-sec-vs-Reference.png\" alt=\"\" class=\"wp-image-2166\" srcset=\"https:\/\/aydyng.eu\/wp-content\/uploads\/2021\/03\/Heave-Error-10-sec-vs-Reference.png 946w, https:\/\/aydyng.eu\/wp-content\/uploads\/2021\/03\/Heave-Error-10-sec-vs-Reference-300x237.png 300w, https:\/\/aydyng.eu\/wp-content\/uploads\/2021\/03\/Heave-Error-10-sec-vs-Reference-768x607.png 768w\" sizes=\"auto, (max-width: 946px) 100vw, 946px\" \/><\/figure>\n<\/div>\n\n\n\n<div class=\"wp-block-column is-layout-flow wp-block-column-is-layout-flow\">\n<figure class=\"wp-block-image size-large\"><img loading=\"lazy\" decoding=\"async\" width=\"953\" height=\"695\" src=\"https:\/\/aydyng.eu\/wp-content\/uploads\/2021\/03\/Heave-Error-20-sec-vs-Reference.png\" alt=\"\" class=\"wp-image-2167\" srcset=\"https:\/\/aydyng.eu\/wp-content\/uploads\/2021\/03\/Heave-Error-20-sec-vs-Reference.png 953w, https:\/\/aydyng.eu\/wp-content\/uploads\/2021\/03\/Heave-Error-20-sec-vs-Reference-300x219.png 300w, https:\/\/aydyng.eu\/wp-content\/uploads\/2021\/03\/Heave-Error-20-sec-vs-Reference-768x560.png 768w\" sizes=\"auto, (max-width: 953px) 100vw, 953px\" \/><\/figure>\n<\/div>\n\n\n\n<div class=\"wp-block-column is-layout-flow wp-block-column-is-layout-flow\"><\/div>\n<\/div>\n\n\n<h3 style=\"text-align: center;\"><strong>Dynamic Pitch and Roll Accuracy (20Hz Waves)<\/strong><\/h3>\n\n\n<div class=\"wp-block-columns is-layout-flex wp-container-core-columns-is-layout-9d6595d7 wp-block-columns-is-layout-flex\">\n<div class=\"wp-block-column is-layout-flow wp-block-column-is-layout-flow\"><\/div>\n\n\n\n<div class=\"wp-block-column is-layout-flow wp-block-column-is-layout-flow\">\n<figure class=\"wp-block-image size-large\"><img loading=\"lazy\" decoding=\"async\" width=\"959\" height=\"754\" src=\"https:\/\/aydyng.eu\/wp-content\/uploads\/2021\/03\/mru-0006.png\" alt=\"\" class=\"wp-image-2168\" srcset=\"https:\/\/aydyng.eu\/wp-content\/uploads\/2021\/03\/mru-0006.png 959w, https:\/\/aydyng.eu\/wp-content\/uploads\/2021\/03\/mru-0006-300x236.png 300w, https:\/\/aydyng.eu\/wp-content\/uploads\/2021\/03\/mru-0006-768x604.png 768w\" sizes=\"auto, (max-width: 959px) 100vw, 959px\" \/><\/figure>\n<\/div>\n\n\n\n<div class=\"wp-block-column is-layout-flow wp-block-column-is-layout-flow\">\n<figure class=\"wp-block-image size-large\"><img loading=\"lazy\" decoding=\"async\" width=\"959\" height=\"735\" src=\"https:\/\/aydyng.eu\/wp-content\/uploads\/2021\/03\/mru-0007.png\" alt=\"\" class=\"wp-image-2169\" srcset=\"https:\/\/aydyng.eu\/wp-content\/uploads\/2021\/03\/mru-0007.png 959w, https:\/\/aydyng.eu\/wp-content\/uploads\/2021\/03\/mru-0007-300x230.png 300w, https:\/\/aydyng.eu\/wp-content\/uploads\/2021\/03\/mru-0007-768x589.png 768w\" sizes=\"auto, (max-width: 959px) 100vw, 959px\" \/><\/figure>\n<\/div>\n\n\n\n<div class=\"wp-block-column is-layout-flow wp-block-column-is-layout-flow\"><\/div>\n<\/div>\n\n\n<hr>\n<h2 style=\"text-align: center;\"><strong>Kits de d\u00e9veloppement pour Wave Sensor<\/strong><\/h2>\n\n\n<div class=\"wp-block-columns is-layout-flex wp-container-core-columns-is-layout-9d6595d7 wp-block-columns-is-layout-flex\">\n<div class=\"wp-block-column is-layout-flow wp-block-column-is-layout-flow\" style=\"flex-basis:20%\"><\/div>\n\n\n\n<div class=\"wp-block-column is-layout-flow wp-block-column-is-layout-flow\" style=\"flex-basis:30%\">\n<figure class=\"wp-block-image size-large\"><img loading=\"lazy\" decoding=\"async\" width=\"1024\" height=\"790\" src=\"https:\/\/aydyng.eu\/wp-content\/uploads\/2021\/03\/OEMDEVKIT-1024x790.png\" alt=\"\" class=\"wp-image-2170\" srcset=\"https:\/\/aydyng.eu\/wp-content\/uploads\/2021\/03\/OEMDEVKIT-1024x790.png 1024w, https:\/\/aydyng.eu\/wp-content\/uploads\/2021\/03\/OEMDEVKIT-300x231.png 300w, https:\/\/aydyng.eu\/wp-content\/uploads\/2021\/03\/OEMDEVKIT-768x592.png 768w, https:\/\/aydyng.eu\/wp-content\/uploads\/2021\/03\/OEMDEVKIT-1536x1184.png 1536w, https:\/\/aydyng.eu\/wp-content\/uploads\/2021\/03\/OEMDEVKIT.png 1922w\" sizes=\"auto, (max-width: 1024px) 100vw, 1024px\" \/><\/figure>\n<\/div>\n\n\n\n<div class=\"wp-block-column is-layout-flow wp-block-column-is-layout-flow\" style=\"flex-basis:30%\">\n<figure class=\"wp-block-image size-large\"><img loading=\"lazy\" decoding=\"async\" width=\"1024\" height=\"791\" src=\"https:\/\/aydyng.eu\/wp-content\/uploads\/2021\/03\/IP67DEVKIT-1024x791.png\" alt=\"\" class=\"wp-image-2171\" srcset=\"https:\/\/aydyng.eu\/wp-content\/uploads\/2021\/03\/IP67DEVKIT-1024x791.png 1024w, https:\/\/aydyng.eu\/wp-content\/uploads\/2021\/03\/IP67DEVKIT-300x232.png 300w, https:\/\/aydyng.eu\/wp-content\/uploads\/2021\/03\/IP67DEVKIT-768x593.png 768w, https:\/\/aydyng.eu\/wp-content\/uploads\/2021\/03\/IP67DEVKIT-1536x1187.png 1536w, https:\/\/aydyng.eu\/wp-content\/uploads\/2021\/03\/IP67DEVKIT.png 1921w\" sizes=\"auto, (max-width: 1024px) 100vw, 1024px\" \/><\/figure>\n<\/div>\n\n\n\n<div class=\"wp-block-column is-layout-flow wp-block-column-is-layout-flow\" style=\"flex-basis:20%\"><\/div>\n<\/div>\n\n\n<hr>\n<p><em><strong>Mention l\u00e9gale sur les marques :<\/strong> Tous les noms de produits, logos et marques sont la propri\u00e9t\u00e9 de leurs propri\u00e9taires respectifs. Tous les noms de soci\u00e9t\u00e9s, de produits et de services utilis\u00e9s dans ce document le sont \u00e0 des fins d\u2019ide<i>Kongsberg\/Seatex, Ship Motion Control SMC, Teledyne TSS, R2Sonic, WAASP, EdgeTech, NORBIT, IMAGENEX, HYPACK, QINSY, Novatel Inertial Explorer are trademarks of Kongsberg\/Seatex, Ship Motion Control SMC, Teledyne TSS, R2Sonic, WAASP, EdgeTech, NORBIT, IMAGENEX, HYPACK, QINSY, Novatel Inertial Explorer<\/i><\/em><\/p>","protected":false},"excerpt":{"rendered":"<p>La gamme de produits Wave Sensor (WS) d&rsquo;Inertial Labs est la derni\u00e8re version des solutions de capteurs inertiels bas\u00e9s sur les MEMS de qualit\u00e9 tactique. En 2016, Inertial Labs a r\u00e9pondu aux secteurs de la recherche et du d\u00e9veloppement de nombreuses installations de biologie et d&rsquo;analyse g\u00e9ographique pour un dispositif capable de surveiller les caract\u00e9ristiques &hellip;<\/p>\n","protected":false},"author":1,"featured_media":0,"parent":129,"menu_order":0,"comment_status":"closed","ping_status":"closed","template":"","meta":{"footnotes":""},"class_list":["post-2142","page","type-page","status-publish","hentry"],"_links":{"self":[{"href":"https:\/\/aydyng.eu\/index.php\/wp-json\/wp\/v2\/pages\/2142","targetHints":{"allow":["GET"]}}],"collection":[{"href":"https:\/\/aydyng.eu\/index.php\/wp-json\/wp\/v2\/pages"}],"about":[{"href":"https:\/\/aydyng.eu\/index.php\/wp-json\/wp\/v2\/types\/page"}],"author":[{"embeddable":true,"href":"https:\/\/aydyng.eu\/index.php\/wp-json\/wp\/v2\/users\/1"}],"replies":[{"embeddable":true,"href":"https:\/\/aydyng.eu\/index.php\/wp-json\/wp\/v2\/comments?post=2142"}],"version-history":[{"count":10,"href":"https:\/\/aydyng.eu\/index.php\/wp-json\/wp\/v2\/pages\/2142\/revisions"}],"predecessor-version":[{"id":2180,"href":"https:\/\/aydyng.eu\/index.php\/wp-json\/wp\/v2\/pages\/2142\/revisions\/2180"}],"up":[{"embeddable":true,"href":"https:\/\/aydyng.eu\/index.php\/wp-json\/wp\/v2\/pages\/129"}],"wp:attachment":[{"href":"https:\/\/aydyng.eu\/index.php\/wp-json\/wp\/v2\/media?parent=2142"}],"curies":[{"name":"wp","href":"https:\/\/api.w.org\/{rel}","templated":true}]}}