{"id":2184,"date":"2021-03-15T16:05:18","date_gmt":"2021-03-15T15:05:18","guid":{"rendered":"https:\/\/aydyng.eu\/?page_id=2184"},"modified":"2021-03-15T16:48:24","modified_gmt":"2021-03-15T15:48:24","slug":"digital-3d-orientation-and-tilt-sensors-dts","status":"publish","type":"page","link":"https:\/\/aydyng.eu\/index.php\/centrales-inertielles\/digital-3d-orientation-and-tilt-sensors-dts\/","title":{"rendered":"Digital 3D Orientation and Tilt Sensors (DTS)"},"content":{"rendered":"\n<div class=\"wp-block-columns is-layout-flex wp-container-core-columns-is-layout-9d6595d7 wp-block-columns-is-layout-flex\">\n<div class=\"wp-block-column is-layout-flow wp-block-column-is-layout-flow\" style=\"flex-basis:10%\"><\/div>\n\n\n\n<div class=\"wp-block-column is-layout-flow wp-block-column-is-layout-flow\" style=\"flex-basis:50%\">\n<p>Inertial Labs a commenc\u00e9 la production de la famille de capteurs num\u00e9riques d&rsquo;orientation et d&rsquo;inclinaison 3D en 2009 en r\u00e9ponse aux besoins d&rsquo;applications n\u00e9cessitant des solutions fiables \u00e0 faible co\u00fbt pour le tangage et le roulis, et en option le cap magn\u00e9tique. Les produits de la famille DTS (anciennement OS3D) sont l\u00e9gers, consomment tr\u00e8s peu d&rsquo;\u00e9nergie et sont con\u00e7us pour \u00eatre facilement int\u00e9gr\u00e9s dans des syst\u00e8mes de d\u00e9veloppement et des plateformes robustes.<\/p>\n<p>La famille DTS comprend un kit de d\u00e9veloppement logiciel couramment utilis\u00e9 dans les \u00e9tudes universitaires, les programmes de recherche et de d\u00e9veloppement et les domaines industriels (construction). En outre, la famille OS3D est exempte d&rsquo;ITAR et exportable dans les pays disponibles. Les utilisateurs finaux peuvent d\u00e9sormais remplacer les inclinom\u00e8tres et les capteurs d&rsquo;inclinaison inutilement co\u00fbteux par un produit \u00e0 la fois fiable et soutenu par l&rsquo;\u00e9quipe de support d&rsquo;Inertial Labs.<\/p>\n<p>L&rsquo;\u00e9quipe d&rsquo;ing\u00e9nieurs qualifi\u00e9s d&rsquo;Inertial Labs apporte son expertise pour aider les utilisateurs \u00e0 s\u00e9lectionner et configurer les mod\u00e8les disponibles : Kernel-100 et OS3DM. Contactez notre \u00e9quipe de support pour obtenir de l&rsquo;aide sur l&rsquo;int\u00e9gration de votre unit\u00e9 ou visitez notre base de connaissances pour consulter les r\u00e9ponses aux questions fr\u00e9quemment pos\u00e9es.<\/p>\n<\/div>\n\n\n\n<div class=\"wp-block-column is-layout-flow wp-block-column-is-layout-flow\" style=\"flex-basis:30%\">\n<figure class=\"wp-block-image size-large\"><img loading=\"lazy\" decoding=\"async\" width=\"700\" height=\"468\" src=\"https:\/\/aydyng.eu\/wp-content\/uploads\/2021\/03\/app_tractor2-min.jpg\" alt=\"\" class=\"wp-image-2186\" srcset=\"https:\/\/aydyng.eu\/wp-content\/uploads\/2021\/03\/app_tractor2-min.jpg 700w, https:\/\/aydyng.eu\/wp-content\/uploads\/2021\/03\/app_tractor2-min-300x201.jpg 300w\" sizes=\"auto, (max-width: 700px) 100vw, 700px\" \/><\/figure>\n<\/div>\n\n\n\n<div class=\"wp-block-column is-layout-flow wp-block-column-is-layout-flow\" style=\"flex-basis:10%\"><\/div>\n<\/div>\n\n\n<hr>\n<h2 style=\"text-align: center;\"><strong><span style=\"color: #1a2a7a;\">Mod\u00e8les DTS et OS3D disponibles<\/span><\/strong><\/h2>\n<p><\/p>\n\n\n<div class=\"wp-block-columns is-layout-flex wp-container-core-columns-is-layout-9d6595d7 wp-block-columns-is-layout-flex\">\n<div class=\"wp-block-column is-layout-flow wp-block-column-is-layout-flow\" style=\"flex-basis:20%\"><\/div>\n\n\n\n<div class=\"wp-block-column is-layout-flow wp-block-column-is-layout-flow\" style=\"flex-basis:30%\">\n<figure class=\"wp-block-image size-large\"><a href=\"https:\/\/aydyng.eu\/wp-content\/uploads\/2021\/03\/IMU-Kernel_Datasheet.rev2_.6Feb_2021.pdf\" target=\"_blank\" rel=\"noreferrer noopener\"><img loading=\"lazy\" decoding=\"async\" width=\"881\" height=\"674\" src=\"https:\/\/aydyng.eu\/wp-content\/uploads\/2021\/03\/KERNEL-100-DTS.png\" alt=\"\" class=\"wp-image-2188\" srcset=\"https:\/\/aydyng.eu\/wp-content\/uploads\/2021\/03\/KERNEL-100-DTS.png 881w, https:\/\/aydyng.eu\/wp-content\/uploads\/2021\/03\/KERNEL-100-DTS-300x230.png 300w, https:\/\/aydyng.eu\/wp-content\/uploads\/2021\/03\/KERNEL-100-DTS-768x588.png 768w\" sizes=\"auto, (max-width: 881px) 100vw, 881px\" \/><\/a><\/figure>\n<\/div>\n\n\n\n<div class=\"wp-block-column is-layout-flow wp-block-column-is-layout-flow\" style=\"flex-basis:30%\">\n<figure class=\"wp-block-image size-large\"><a href=\"https:\/\/aydyng.eu\/wp-content\/uploads\/2021\/03\/OS3DM_Datasheet.rev1_.9.Apr20.pdf\" target=\"_blank\" rel=\"noreferrer noopener\"><img loading=\"lazy\" decoding=\"async\" width=\"1024\" height=\"782\" src=\"https:\/\/aydyng.eu\/wp-content\/uploads\/2021\/03\/OS3DM-1-1024x782.png\" alt=\"\" class=\"wp-image-2189\" srcset=\"https:\/\/aydyng.eu\/wp-content\/uploads\/2021\/03\/OS3DM-1-1024x782.png 1024w, https:\/\/aydyng.eu\/wp-content\/uploads\/2021\/03\/OS3DM-1-300x229.png 300w, https:\/\/aydyng.eu\/wp-content\/uploads\/2021\/03\/OS3DM-1-768x587.png 768w, https:\/\/aydyng.eu\/wp-content\/uploads\/2021\/03\/OS3DM-1-1536x1173.png 1536w, https:\/\/aydyng.eu\/wp-content\/uploads\/2021\/03\/OS3DM-1-2048x1564.png 2048w\" sizes=\"auto, (max-width: 1024px) 100vw, 1024px\" \/><\/a><\/figure>\n<\/div>\n\n\n\n<div class=\"wp-block-column is-layout-flow wp-block-column-is-layout-flow\" style=\"flex-basis:20%\"><\/div>\n<\/div>\n\n\n\n<div class=\"wp-block-button aligncenter is-style-fill\"><a class=\"wp-block-button__link has-background\" href=\"http:\/\/aydyng.eu\/index.php\/devis\/\" style=\"background-color:#1a2a7a;border-radius:11px\" target=\"_blank\" rel=\"noreferrer noopener\">Demander un devis<\/a><\/div>\n\n\n<hr \/><hr \/>\n<h2 style=\"text-align: center;\"><span style=\"color: #1a2a7a;\">Cas d&rsquo;usage pour capteurs d&rsquo;orientation 3D et d&rsquo;inclinaison num\u00e9rique<\/span><\/h2>\n<p>\u00a0<\/p>\n\n\n<div class=\"wp-block-columns is-layout-flex wp-container-core-columns-is-layout-9d6595d7 wp-block-columns-is-layout-flex\">\n<div class=\"wp-block-column is-layout-flow wp-block-column-is-layout-flow\" style=\"flex-basis:10%\"><\/div>\n\n\n\n<div class=\"wp-block-column is-layout-flow wp-block-column-is-layout-flow\" style=\"flex-basis:30%\">\n<div class=\"wp-block-image\"><figure class=\"alignleft size-large\"><img loading=\"lazy\" decoding=\"async\" width=\"1024\" height=\"768\" src=\"https:\/\/aydyng.eu\/wp-content\/uploads\/2021\/03\/scott-blake-bKGpAV4gFnc-unsplash-scaled-1-1024x768.jpg\" alt=\"\" class=\"wp-image-2195\" srcset=\"https:\/\/aydyng.eu\/wp-content\/uploads\/2021\/03\/scott-blake-bKGpAV4gFnc-unsplash-scaled-1-1024x768.jpg 1024w, https:\/\/aydyng.eu\/wp-content\/uploads\/2021\/03\/scott-blake-bKGpAV4gFnc-unsplash-scaled-1-300x225.jpg 300w, https:\/\/aydyng.eu\/wp-content\/uploads\/2021\/03\/scott-blake-bKGpAV4gFnc-unsplash-scaled-1-768x576.jpg 768w, https:\/\/aydyng.eu\/wp-content\/uploads\/2021\/03\/scott-blake-bKGpAV4gFnc-unsplash-scaled-1-1536x1152.jpg 1536w, https:\/\/aydyng.eu\/wp-content\/uploads\/2021\/03\/scott-blake-bKGpAV4gFnc-unsplash-scaled-1-2048x1536.jpg 2048w\" sizes=\"auto, (max-width: 1024px) 100vw, 1024px\" \/><\/figure><\/div>\n<\/div>\n\n\n\n<div class=\"wp-block-column is-layout-flow wp-block-column-is-layout-flow\" style=\"flex-basis:50%\">\n<h3 class=\"card-title\">D\u00e9tection de l&rsquo;inclinaison des \u00e9quipements de chantier<\/h3>\n\n\n\n<p>La majorit\u00e9 des \u00e9quipements de chantier sont con\u00e7us pour \u00eatre aussi robustes et durables que possible. Cependant, lorsqu&rsquo;il s&rsquo;agit de s\u00e9curit\u00e9, il semble y avoir une p\u00e9nurie de capteurs appropri\u00e9s pour surveiller quand des \u00e9quipements tels que les plates-formes \u00e9l\u00e9vatrices mobiles de travail (MEWP) ou les bulldozers et les excavatrices sont orient\u00e9s ou inclin\u00e9s \u00e0 des niveaux dangereux, d\u00e9pla\u00e7ant le centre de gravit\u00e9 et entra\u00eenant le basculement ou le roulement de l&rsquo;\u00e9quipement. Les capteurs DTS peu co\u00fbteux sont utilis\u00e9s pour d\u00e9tecter et alerter les travailleurs lorsqu&rsquo;une plateforme telle qu&rsquo;une PEMP ou une excavatrice a d\u00e9pass\u00e9 un seuil de s\u00e9curit\u00e9 op\u00e9rationnelle, mettant l&rsquo;op\u00e9rateur en danger.<\/p>\n<\/div>\n\n\n\n<div class=\"wp-block-column is-layout-flow wp-block-column-is-layout-flow\" style=\"flex-basis:10%\"><\/div>\n<\/div>\n\n\n\n<div class=\"wp-block-columns is-layout-flex wp-container-core-columns-is-layout-9d6595d7 wp-block-columns-is-layout-flex\">\n<div class=\"wp-block-column is-layout-flow wp-block-column-is-layout-flow\" style=\"flex-basis:10%\"><\/div>\n\n\n\n<div class=\"wp-block-column is-layout-flow wp-block-column-is-layout-flow\" style=\"flex-basis:30%\">\n<div class=\"wp-block-image\"><figure class=\"alignleft size-large\"><img loading=\"lazy\" decoding=\"async\" width=\"1024\" height=\"1024\" src=\"https:\/\/aydyng.eu\/wp-content\/uploads\/2021\/03\/Robot-scaled-1-1024x1024.jpg\" alt=\"\" class=\"wp-image-2197\" srcset=\"https:\/\/aydyng.eu\/wp-content\/uploads\/2021\/03\/Robot-scaled-1-1024x1024.jpg 1024w, https:\/\/aydyng.eu\/wp-content\/uploads\/2021\/03\/Robot-scaled-1-300x300.jpg 300w, https:\/\/aydyng.eu\/wp-content\/uploads\/2021\/03\/Robot-scaled-1-150x150.jpg 150w, https:\/\/aydyng.eu\/wp-content\/uploads\/2021\/03\/Robot-scaled-1-768x768.jpg 768w, https:\/\/aydyng.eu\/wp-content\/uploads\/2021\/03\/Robot-scaled-1-1536x1536.jpg 1536w, https:\/\/aydyng.eu\/wp-content\/uploads\/2021\/03\/Robot-scaled-1-2048x2048.jpg 2048w\" sizes=\"auto, (max-width: 1024px) 100vw, 1024px\" \/><\/figure><\/div>\n<\/div>\n\n\n\n<div class=\"wp-block-column is-layout-flow wp-block-column-is-layout-flow\" style=\"flex-basis:50%\">\n<h3 class=\"card-title\">R\u00e9alit\u00e9 virtuelle et syst\u00e8mes de capture de mouvement<\/h3>\n\n\n\n<p>L&rsquo;OS3DM est une solution id\u00e9ale \u00e0 faible co\u00fbt pour les syst\u00e8mes de r\u00e9alit\u00e9 virtuelle et de capture de mouvement. Le calcul du cap est n\u00e9cessaire dans de nombreuses combinaisons portables pour l&rsquo;homme afin de pouvoir surveiller la position et suivre les mouvements du corps. La gamme de capteurs DTS peut \u00eatre utilis\u00e9e en tant qu&rsquo;unit\u00e9s autonomes ou les relier entre eux pour cr\u00e9er une plateforme transparente pour la capture de mouvement sur n&rsquo;importe quelle plateforme, statique ou dynamique.<\/p>\n<\/div>\n\n\n\n<div class=\"wp-block-column is-layout-flow wp-block-column-is-layout-flow\" style=\"flex-basis:10%\"><\/div>\n<\/div>\n\n\n\n<div class=\"wp-block-columns is-layout-flex wp-container-core-columns-is-layout-9d6595d7 wp-block-columns-is-layout-flex\">\n<div class=\"wp-block-column is-layout-flow wp-block-column-is-layout-flow\" style=\"flex-basis:10%\"><\/div>\n\n\n\n<div class=\"wp-block-column is-layout-flow wp-block-column-is-layout-flow\" style=\"flex-basis:30%\">\n<div class=\"wp-block-image\"><figure class=\"alignleft size-large\"><img loading=\"lazy\" decoding=\"async\" width=\"800\" height=\"541\" src=\"https:\/\/aydyng.eu\/wp-content\/uploads\/2021\/03\/Capture-e1578942687709.png\" alt=\"\" class=\"wp-image-2198\" srcset=\"https:\/\/aydyng.eu\/wp-content\/uploads\/2021\/03\/Capture-e1578942687709.png 800w, https:\/\/aydyng.eu\/wp-content\/uploads\/2021\/03\/Capture-e1578942687709-300x203.png 300w, https:\/\/aydyng.eu\/wp-content\/uploads\/2021\/03\/Capture-e1578942687709-768x519.png 768w\" sizes=\"auto, (max-width: 800px) 100vw, 800px\" \/><\/figure><\/div>\n<\/div>\n\n\n\n<div class=\"wp-block-column is-layout-flow wp-block-column-is-layout-flow\" style=\"flex-basis:50%\">\n<h3 class=\"card-title\">Micro Unmanned Aerial Vehicles (MUAV)<\/h3>\n\n\n\n<p>L&rsquo;industrie des drones est l&rsquo;utilisateur final id\u00e9al pour la famille de capteurs DTS. L\u00e9ger et de conception robuste, l&rsquo;OS3DM calcule le cap avec une pr\u00e9cision de 2 degr\u00e9s dans les applications dynamiques. Comme les utilisateurs de drones comptent sur des solutions qui consomment le moins d&rsquo;\u00e9nergie possible tout en fournissant une solution fiable, l&rsquo;OS3DM r\u00e9pond \u00e0 la demande. Avec une consommation maximale de seulement 0,13 watts, les amateurs de drones peuvent d\u00e9sormais mieux optimiser la vitesse, l&rsquo;autonomie de la batterie et la maniabilit\u00e9 du drone.<\/p>\n<\/div>\n\n\n\n<div class=\"wp-block-column is-layout-flow wp-block-column-is-layout-flow\" style=\"flex-basis:10%\"><\/div>\n<\/div>\n\n\n\n<div class=\"wp-block-columns is-layout-flex wp-container-core-columns-is-layout-9d6595d7 wp-block-columns-is-layout-flex\">\n<div class=\"wp-block-column is-layout-flow wp-block-column-is-layout-flow\" style=\"flex-basis:10%\"><\/div>\n\n\n\n<div class=\"wp-block-column is-layout-flow wp-block-column-is-layout-flow\" style=\"flex-basis:30%\">\n<div class=\"wp-block-image\"><figure class=\"alignleft size-large\"><img loading=\"lazy\" decoding=\"async\" width=\"500\" height=\"336\" src=\"https:\/\/aydyng.eu\/wp-content\/uploads\/2021\/03\/Research-and-devlopment-500x336-2.png\" alt=\"\" class=\"wp-image-2199\" srcset=\"https:\/\/aydyng.eu\/wp-content\/uploads\/2021\/03\/Research-and-devlopment-500x336-2.png 500w, https:\/\/aydyng.eu\/wp-content\/uploads\/2021\/03\/Research-and-devlopment-500x336-2-300x202.png 300w\" sizes=\"auto, (max-width: 500px) 100vw, 500px\" \/><\/figure><\/div>\n<\/div>\n\n\n\n<div class=\"wp-block-column is-layout-flow wp-block-column-is-layout-flow\" style=\"flex-basis:50%\">\n<h3 class=\"card-title\">Formation m\u00e9dicale et biom\u00e9canique<\/h3>\n\n\n\n<p>En particulier dans le domaine du g\u00e9nie biom\u00e9dical, les acc\u00e9l\u00e9rom\u00e8tres et les gyroscopes traditionnellement utilis\u00e9s ne suffisent pas \u00e0 identifier les sch\u00e9mas de mouvement chez les humains ou les animaux. L&rsquo;utilisation de magn\u00e9tom\u00e8tres s&rsquo;est av\u00e9r\u00e9e essentielle pour r\u00e9soudre les inconnues lorsque les sujets r\u00e9agissent par des comportements \u00e0 faible acc\u00e9l\u00e9ration. Un exemple en est la mod\u00e9lisation du soaring thermique chez les oiseaux. Le DTS s&rsquo;est av\u00e9r\u00e9 \u00eatre une solution robuste et filtr\u00e9e qui peut facilement \u00eatre mont\u00e9e dans n&rsquo;importe quelle orientation et calibr\u00e9e pour son environnement. En raison de sa l\u00e9g\u00e8ret\u00e9, les ing\u00e9nieurs et les d\u00e9fenseurs de l&rsquo;environnement pr\u00e9f\u00e8rent le DTS pour ses solutions d&rsquo;orientation petites et discr\u00e8tes.<\/p>\n<\/div>\n\n\n\n<div class=\"wp-block-column is-layout-flow wp-block-column-is-layout-flow\" style=\"flex-basis:10%\"><\/div>\n<\/div>\n\n\n<hr>\n<h2 style=\"text-align: center;\"><span style=\"color: #1a2a7a;\"><strong>Logiciels support\u00e9s<\/strong><\/span><\/h2>\n\n\n<div class=\"wp-block-columns is-layout-flex wp-container-core-columns-is-layout-9d6595d7 wp-block-columns-is-layout-flex\">\n<div class=\"wp-block-column is-layout-flow wp-block-column-is-layout-flow\" style=\"flex-basis:20%\"><\/div>\n\n\n\n<div class=\"wp-block-column is-layout-flow wp-block-column-is-layout-flow\" style=\"flex-basis:30%\">\n<figure class=\"wp-block-image size-large\"><img loading=\"lazy\" decoding=\"async\" width=\"300\" height=\"155\" src=\"https:\/\/aydyng.eu\/wp-content\/uploads\/2021\/03\/SDK-300x155-3.png\" alt=\"\" class=\"wp-image-2201\"\/><\/figure>\n<\/div>\n\n\n\n<div class=\"wp-block-column is-layout-flow wp-block-column-is-layout-flow\" style=\"flex-basis:30%\">\n<figure class=\"wp-block-image size-large is-resized\"><img loading=\"lazy\" decoding=\"async\" src=\"https:\/\/aydyng.eu\/wp-content\/uploads\/2021\/03\/MDC-500x256-1.png\" alt=\"\" class=\"wp-image-2202\" width=\"300\" height=\"153\" srcset=\"https:\/\/aydyng.eu\/wp-content\/uploads\/2021\/03\/MDC-500x256-1.png 500w, https:\/\/aydyng.eu\/wp-content\/uploads\/2021\/03\/MDC-500x256-1-300x154.png 300w\" sizes=\"auto, (max-width: 300px) 100vw, 300px\" \/><\/figure>\n<\/div>\n\n\n\n<div class=\"wp-block-column is-layout-flow wp-block-column-is-layout-flow\" style=\"flex-basis:20%\"><\/div>\n<\/div>\n\n\n<p style=\"text-align: center;\">Inertial Labs fournit les pilotes et les outils n\u00e9cessaires pour une int\u00e9gration facile. Calibrez l&rsquo;unit\u00e9 pour les interf\u00e9rences magn\u00e9tiques \u00e0 l&rsquo;aide de l&rsquo;outil MDC fourni. En outre, profitez du kit de d\u00e9veloppement logiciel pour cr\u00e9er des solutions personnalis\u00e9es pour votre application.<\/p>\n<hr>\n<h2 style=\"text-align: center;\"><span style=\"color: #1a2a7a;\">Caract\u00e9ristiques de performance de l&rsquo;OS3DM<\/span><\/h2>\n\n\n<div class=\"wp-block-image\"><figure class=\"aligncenter size-large\"><img loading=\"lazy\" decoding=\"async\" width=\"1024\" height=\"581\" src=\"https:\/\/aydyng.eu\/wp-content\/uploads\/2021\/03\/OS3DM-Gyro-Noise-Allan-Variance-1024x581.png\" alt=\"\" class=\"wp-image-2204\" srcset=\"https:\/\/aydyng.eu\/wp-content\/uploads\/2021\/03\/OS3DM-Gyro-Noise-Allan-Variance-1024x581.png 1024w, https:\/\/aydyng.eu\/wp-content\/uploads\/2021\/03\/OS3DM-Gyro-Noise-Allan-Variance-300x170.png 300w, https:\/\/aydyng.eu\/wp-content\/uploads\/2021\/03\/OS3DM-Gyro-Noise-Allan-Variance-768x436.png 768w, https:\/\/aydyng.eu\/wp-content\/uploads\/2021\/03\/OS3DM-Gyro-Noise-Allan-Variance.png 1179w\" sizes=\"auto, (max-width: 1024px) 100vw, 1024px\" \/><\/figure><\/div>\n\n\n<hr>\n<h2 style=\"text-align: center;\"><span style=\"color: #1a2a7a;\">Kits de d\u00e9veloppement DTS<\/span><\/h2>\n\n\n<div class=\"wp-block-columns is-layout-flex wp-container-core-columns-is-layout-9d6595d7 wp-block-columns-is-layout-flex\">\n<div class=\"wp-block-column is-layout-flow wp-block-column-is-layout-flow\"><\/div>\n\n\n\n<div class=\"wp-block-column is-layout-flow wp-block-column-is-layout-flow\">\n<figure class=\"wp-block-image size-large\"><img loading=\"lazy\" decoding=\"async\" width=\"1024\" height=\"783\" src=\"https:\/\/aydyng.eu\/wp-content\/uploads\/2021\/03\/DevKit-2-1024x783.png\" alt=\"\" class=\"wp-image-2206\" srcset=\"https:\/\/aydyng.eu\/wp-content\/uploads\/2021\/03\/DevKit-2-1024x783.png 1024w, https:\/\/aydyng.eu\/wp-content\/uploads\/2021\/03\/DevKit-2-300x230.png 300w, https:\/\/aydyng.eu\/wp-content\/uploads\/2021\/03\/DevKit-2-768x588.png 768w, https:\/\/aydyng.eu\/wp-content\/uploads\/2021\/03\/DevKit-2-1536x1175.png 1536w, https:\/\/aydyng.eu\/wp-content\/uploads\/2021\/03\/DevKit-2-2048x1567.png 2048w\" sizes=\"auto, (max-width: 1024px) 100vw, 1024px\" \/><\/figure>\n<\/div>\n\n\n\n<div class=\"wp-block-column is-layout-flow wp-block-column-is-layout-flow\"><\/div>\n<\/div>\n\n\n<hr>\n<p><em><strong>Mention l\u00e9gale sur les marques :<\/strong> Tous les noms de produits, logos et marques sont la propri\u00e9t\u00e9 de leurs propri\u00e9taires respectifs. Tous les noms de soci\u00e9t\u00e9s, de produits et de services utilis\u00e9s dans ce document le sont \u00e0 des fins d\u2019identification uniquement. L\u2019utilisation de ces noms, logos et marques n\u2019implique pas leur approbation. <i>Kongsberg\/Seatex, Ship Motion Control SMC, Teledyne TSS, R2Sonic, WAASP, EdgeTech, NORBIT, IMAGENEX, HYPACK, QINSY, Novatel Inertial Explorer are trademarks of Kongsberg\/Seatex, Ship Motion Control SMC, Teledyne TSS, R2Sonic, WAASP, EdgeTech, NORBIT, IMAGENEX, HYPACK, QINSY, Novatel Inertial Explorer<\/i><\/em><\/p>","protected":false},"excerpt":{"rendered":"<p>Inertial Labs a commenc\u00e9 la production de la famille de capteurs num\u00e9riques d&rsquo;orientation et d&rsquo;inclinaison 3D en 2009 en r\u00e9ponse aux besoins d&rsquo;applications n\u00e9cessitant des solutions fiables \u00e0 faible co\u00fbt pour le tangage et le roulis, et en option le cap magn\u00e9tique. Les produits de la famille DTS (anciennement OS3D) sont l\u00e9gers, consomment tr\u00e8s peu &hellip;<\/p>\n","protected":false},"author":1,"featured_media":0,"parent":129,"menu_order":0,"comment_status":"closed","ping_status":"closed","template":"","meta":{"footnotes":""},"class_list":["post-2184","page","type-page","status-publish","hentry"],"_links":{"self":[{"href":"https:\/\/aydyng.eu\/index.php\/wp-json\/wp\/v2\/pages\/2184","targetHints":{"allow":["GET"]}}],"collection":[{"href":"https:\/\/aydyng.eu\/index.php\/wp-json\/wp\/v2\/pages"}],"about":[{"href":"https:\/\/aydyng.eu\/index.php\/wp-json\/wp\/v2\/types\/page"}],"author":[{"embeddable":true,"href":"https:\/\/aydyng.eu\/index.php\/wp-json\/wp\/v2\/users\/1"}],"replies":[{"embeddable":true,"href":"https:\/\/aydyng.eu\/index.php\/wp-json\/wp\/v2\/comments?post=2184"}],"version-history":[{"count":13,"href":"https:\/\/aydyng.eu\/index.php\/wp-json\/wp\/v2\/pages\/2184\/revisions"}],"predecessor-version":[{"id":2213,"href":"https:\/\/aydyng.eu\/index.php\/wp-json\/wp\/v2\/pages\/2184\/revisions\/2213"}],"up":[{"embeddable":true,"href":"https:\/\/aydyng.eu\/index.php\/wp-json\/wp\/v2\/pages\/129"}],"wp:attachment":[{"href":"https:\/\/aydyng.eu\/index.php\/wp-json\/wp\/v2\/media?parent=2184"}],"curies":[{"name":"wp","href":"https:\/\/api.w.org\/{rel}","templated":true}]}}