{"id":453,"date":"2019-05-10T15:54:49","date_gmt":"2019-05-10T13:54:49","guid":{"rendered":"http:\/\/aydyng.eu\/?page_id=453"},"modified":"2020-02-10T12:14:34","modified_gmt":"2020-02-10T11:14:34","slug":"os3dm","status":"publish","type":"page","link":"https:\/\/aydyng.eu\/index.php\/os3dm\/","title":{"rendered":"OS3DM"},"content":{"rendered":"\n<figure class=\"wp-block-gallery columns-1 wp-block-gallery-1 is-layout-flex wp-block-gallery-is-layout-flex\"><ul class=\"blocks-gallery-grid\"><li class=\"blocks-gallery-item\"><figure><img loading=\"lazy\" decoding=\"async\" width=\"350\" height=\"350\" src=\"http:\/\/aydyng.eu\/wp-content\/uploads\/2019\/05\/OS3DM-1.jpg\" alt=\"\" data-id=\"454\" data-link=\"http:\/\/aydyng.eu\/?attachment_id=454\" class=\"wp-image-454\" srcset=\"https:\/\/aydyng.eu\/wp-content\/uploads\/2019\/05\/OS3DM-1.jpg 350w, https:\/\/aydyng.eu\/wp-content\/uploads\/2019\/05\/OS3DM-1-150x150.jpg 150w, https:\/\/aydyng.eu\/wp-content\/uploads\/2019\/05\/OS3DM-1-300x300.jpg 300w\" sizes=\"auto, (max-width: 350px) 100vw, 350px\" \/><figcaption class=\"blocks-gallery-item__caption\">OS3DM<\/figcaption><\/figure><\/li><\/ul><\/figure>\n\n\n\n<div class=\"wp-block-button\"><a class=\"wp-block-button__link has-background has-vivid-cyan-blue-background-color\" href=\"http:\/\/aydyng.eu\/wp-content\/uploads\/2019\/07\/OS3DM_Datasheet.rev1_.8.Apr16.pdf\" style=\"border-radius:11px\" target=\"_blank\" rel=\"noreferrer noopener\">Fiche technique<\/a><\/div>\n\n\n<p><span id=\"s2_1\" style=\"letter-spacing: 0px;\">L\u2019OS3DM est un capteur d\u2019orientation subminiature absolue enti\u00e8rement int\u00e9gr\u00e9 qui combine les technologies des magn\u00e9tom\u00e8tres, gyroscopes et acc\u00e9l\u00e9rom\u00e8tres pour mesurer l\u2019orientation absolue de tout objet. <\/span><span id=\"s2_2\" style=\"letter-spacing: 0px;\">Son microcontr\u00f4leur interne traite les donn\u00e9es \u00e0 partir de neuf axes de d\u00e9tection discrets gr\u00e2ce \u00e0 son algorithme de fusion de donn\u00e9es et produit une solution d\u2019orientation quaternionnaire qui est ensuite fournie soit par UART TTL soit par le bus de donn\u00e9es RS-485.<\/span><\/p>\n<div class=\"right-side-wrap\">\n<div id=\"trtext\"><span id=\"s2_3\">Con\u00e7u avec l\u2019intention d\u2019\u00eatre int\u00e9gr\u00e9 directement \u00e0 l\u2019int\u00e9rieur de l\u2019objet \u00e0 suivre, l&rsquo;OS3DM mesure seulement 16 x 10 x 3.5mm. De plus,comme il supporte le RS-485 il permet d\u2019utiliser plusieurs trackers simultan\u00e9ment sur un seul bus de donn\u00e9es.<\/span><br \/><span id=\"s2_4\">Inertial Labs fournira le support technique pour vous aider \u00e0 optimiser les performances du capteur pour votre application.<\/span><\/div>\n<div>\u00a0<\/div>\n<\/div>\n\n\n<div class=\"wp-block-button\"><a class=\"wp-block-button__link has-background has-vivid-cyan-blue-background-color\" href=\"http:\/\/aydyng.eu\/index.php\/devis\/\" style=\"border-radius:11px\" target=\"_blank\" rel=\"noreferrer noopener\">Demander un devis<\/a><\/div>\n\n\n<h3 style=\"text-align: center;\"><strong>Sp\u00e9cifications<\/strong><\/h3>\n\n\n<figure class=\"wp-block-table is-style-stripes\"><table class=\"\"><tbody><tr><td>Heading accuracy, RMS<\/td><td>0.5 deg<\/td><\/tr><tr><td>Pitch and Roll accuracy, RMS<\/td><td>0.5 deg<\/td><\/tr><tr><td>Gyroscopes measurement range<\/td><td>up to \u00b12,000 deg\/sec<\/td><\/tr><tr><td>Accelerometers measurement range<\/td><td>\u00b12 g, \u00b14 g, \u00b18 g and \u00b116 g<\/td><\/tr><tr><td>Gyroscopes in-run Bias stability<\/td><td>10 deg\/hr<\/td><\/tr><tr><td>Accelerometers Bias stability<\/td><td>0.3 mg<\/td><\/tr><tr><td>Size<\/td><td>16 \u00d7 10 \u00d7 3.5mm<\/td><\/tr><\/tbody><\/table><\/figure>\n\n\n<h3 style=\"text-align: center;\"><strong>Caract\u00e9ristiques et fonctionnalit\u00e9s<\/strong><\/h3>\n<ul>\n<li>Real-time Heading, Pitch and Roll orientation information<\/li>\n<li>Sub-miniature size, lightweight and low power consumption (16\u00d710\u00d73.5mm; 2 gram; 0.07W)<\/li>\n<li>Static Accuracy better than 0.5 deg in Pitch\/Roll and 1 deg in Heading<\/li>\n<li>State-of-the-art algorithms for different dynamic motions of Motion Capture, Training, Head Tracking and Helmets Orientation Systems, micro UAV and small Electro Optical System<\/li>\n<li>Ideal solution for Virtual Reality Systems<\/li>\n<li>Gyro-Stabilized Slaved Magnetic Heading<\/li>\n<li>Embedded calibration on hard and soft iron<\/li>\n<li>Up to 500Hz data update rate<\/li>\n<li>Environmentally sealed (IP67)<\/li>\n<li>OEM version available<\/li>\n<\/ul>","protected":false},"excerpt":{"rendered":"<p>L\u2019OS3DM est un capteur d\u2019orientation subminiature absolue enti\u00e8rement int\u00e9gr\u00e9 qui combine les technologies des magn\u00e9tom\u00e8tres, gyroscopes et acc\u00e9l\u00e9rom\u00e8tres pour mesurer l\u2019orientation absolue de tout objet. Son microcontr\u00f4leur interne traite les donn\u00e9es \u00e0 partir de neuf axes de d\u00e9tection discrets gr\u00e2ce \u00e0 son algorithme de fusion de donn\u00e9es et produit une solution d\u2019orientation quaternionnaire qui est &hellip;<\/p>\n","protected":false},"author":1,"featured_media":0,"parent":0,"menu_order":0,"comment_status":"closed","ping_status":"closed","template":"","meta":{"footnotes":""},"class_list":["post-453","page","type-page","status-publish","hentry"],"_links":{"self":[{"href":"https:\/\/aydyng.eu\/index.php\/wp-json\/wp\/v2\/pages\/453","targetHints":{"allow":["GET"]}}],"collection":[{"href":"https:\/\/aydyng.eu\/index.php\/wp-json\/wp\/v2\/pages"}],"about":[{"href":"https:\/\/aydyng.eu\/index.php\/wp-json\/wp\/v2\/types\/page"}],"author":[{"embeddable":true,"href":"https:\/\/aydyng.eu\/index.php\/wp-json\/wp\/v2\/users\/1"}],"replies":[{"embeddable":true,"href":"https:\/\/aydyng.eu\/index.php\/wp-json\/wp\/v2\/comments?post=453"}],"version-history":[{"count":10,"href":"https:\/\/aydyng.eu\/index.php\/wp-json\/wp\/v2\/pages\/453\/revisions"}],"predecessor-version":[{"id":1337,"href":"https:\/\/aydyng.eu\/index.php\/wp-json\/wp\/v2\/pages\/453\/revisions\/1337"}],"wp:attachment":[{"href":"https:\/\/aydyng.eu\/index.php\/wp-json\/wp\/v2\/media?parent=453"}],"curies":[{"name":"wp","href":"https:\/\/api.w.org\/{rel}","templated":true}]}}