{"id":70,"date":"2018-05-30T15:08:51","date_gmt":"2018-05-30T13:08:51","guid":{"rendered":"http:\/\/aydyng.eu\/?page_id=70"},"modified":"2023-05-10T20:44:24","modified_gmt":"2023-05-10T18:44:24","slug":"contact","status":"publish","type":"page","link":"https:\/\/aydyng.eu\/index.php\/contact\/","title":{"rendered":"Contact"},"content":{"rendered":"\n<div class=\"wp-block-columns has-2-columns is-layout-flex wp-container-core-columns-is-layout-9d6595d7 wp-block-columns-is-layout-flex\">\n<div class=\"wp-block-column is-layout-flow wp-block-column-is-layout-flow\">\n<p><\/p>\n\n\n\n<p>Envoyez-nous un email avec vos coordonn\u00e9es en d\u00e9crivant votre besoin ou votre projet.<br>Vous recevrez une r\u00e9ponse sous 48h maximum.<\/p>\n<\/div>\n\n\n\n<div class=\"wp-block-column is-layout-flow wp-block-column-is-layout-flow\">\n<p><\/p>\n\n\n\n<p><strong>AYDYNG<\/strong><br>68 avenue de Gascogne<br>31170 TOURNEFEUILLE<br>FRANCE<\/p>\n\n\n\n<p><strong>info@aydyng.eu<\/strong><\/p>\n<\/div>\n<\/div>\n\n\n\n<p> Les informations recueillies font l\u2019objet d\u2019un traitement informatique destin\u00e9 \u00e0 am\u00e9liorer votre communication avec AYDYNG et de r\u00e9pondre \u00e0 vos demandes formul\u00e9es . Les donn\u00e9es r\u00e9colt\u00e9es seront uniquement utilis\u00e9es par AYDYNG et ne seront ni vendues, ni transmises \u00e0 d\u2019autres parties. Ces donn\u00e9es ne sont conserv\u00e9es par AYDYNG que le temps de nos \u00e9changes et pendant une dur\u00e9e de maximum de 3 ans apr\u00e8s notre dernier contact. <br> Conform\u00e9ment au r\u00e8glement g\u00e9n\u00e9ral sur la protection des donn\u00e9es personnelles n\u00b0 2016\/679 du 27 avril 2016 et \u00e0 la loi \u00ab informatique et libert\u00e9s \u00bb du 6 janvier 1978 telle que modifi\u00e9e par le r\u00e8glement europ\u00e9en n\u00b0 2016\/679, vous b\u00e9n\u00e9ficiez \u2013 \u00e0 tout moment \u2013 d\u2019un droit d\u2019acc\u00e8s, de rectification, de suppression et de portabilit\u00e9 des donn\u00e9es qui vous concernent ainsi que d&rsquo;un droit de limitation aux traitement, que vous pouvez exercer en vous adressant \u00e0 contact@aydyng.eu.<br> Nous vous invitons \u00e0 consulter notre Politique de Confidentialit\u00e9 et de Protection des donn\u00e9es. <\/p>\n\n\n\n<p><\/p>\n","protected":false},"excerpt":{"rendered":"<p>Envoyez-nous un email avec vos coordonn\u00e9es en d\u00e9crivant votre besoin ou votre projet.Vous recevrez une r\u00e9ponse sous 48h maximum. AYDYNG68 avenue de Gascogne31170 TOURNEFEUILLEFRANCE info@aydyng.eu Les informations recueillies font l\u2019objet d\u2019un traitement informatique destin\u00e9 \u00e0 am\u00e9liorer votre communication avec AYDYNG et de r\u00e9pondre \u00e0 vos demandes formul\u00e9es . Les donn\u00e9es r\u00e9colt\u00e9es seront uniquement utilis\u00e9es par &hellip;<\/p>\n","protected":false},"author":1,"featured_media":0,"parent":0,"menu_order":4,"comment_status":"closed","ping_status":"closed","template":"","meta":{"footnotes":""},"class_list":["post-70","page","type-page","status-publish","hentry"],"_links":{"self":[{"href":"https:\/\/aydyng.eu\/index.php\/wp-json\/wp\/v2\/pages\/70","targetHints":{"allow":["GET"]}}],"collection":[{"href":"https:\/\/aydyng.eu\/index.php\/wp-json\/wp\/v2\/pages"}],"about":[{"href":"https:\/\/aydyng.eu\/index.php\/wp-json\/wp\/v2\/types\/page"}],"author":[{"embeddable":true,"href":"https:\/\/aydyng.eu\/index.php\/wp-json\/wp\/v2\/users\/1"}],"replies":[{"embeddable":true,"href":"https:\/\/aydyng.eu\/index.php\/wp-json\/wp\/v2\/comments?post=70"}],"version-history":[{"count":27,"href":"https:\/\/aydyng.eu\/index.php\/wp-json\/wp\/v2\/pages\/70\/revisions"}],"predecessor-version":[{"id":2783,"href":"https:\/\/aydyng.eu\/index.php\/wp-json\/wp\/v2\/pages\/70\/revisions\/2783"}],"wp:attachment":[{"href":"https:\/\/aydyng.eu\/index.php\/wp-json\/wp\/v2\/media?parent=70"}],"curies":[{"name":"wp","href":"https:\/\/api.w.org\/{rel}","templated":true}]}}